{"id":606,"date":"2023-02-09T00:27:24","date_gmt":"2023-02-09T00:27:24","guid":{"rendered":"https:\/\/sectores.export.com.gt\/acuicultura-y-pesca\/?page_id=606"},"modified":"2023-05-13T00:00:12","modified_gmt":"2023-05-13T00:00:12","slug":"faqs","status":"publish","type":"page","link":"https:\/\/sectores.export.com.gt\/acuicultura-y-pesca\/faqs\/","title":{"rendered":"FAQS"},"content":{"rendered":"<div class=\"vc_row wpb_row vc_row-fluid\"><div class=\"wpb_column vc_column_container vc_col-sm-12\"><div class=\"vc_column-inner\"><div class=\"wpb_wrapper\">\n\t\t\t<!-- START FAQS REVOLUTION SLIDER 6.3.6 --><p class=\"rs-p-wp-fix\"><\/p>\n\t\t\t<rs-module-wrap id=\"rev_slider_19_1_wrapper\" data-source=\"gallery\" style=\"background:transparent;padding:0;margin:0px auto;margin-top:0;margin-bottom:0;\">\n\t\t\t\t<rs-module id=\"rev_slider_19_1\" style=\"\" data-version=\"6.3.6\">\n\t\t\t\t\t<rs-slides>\n\t\t\t\t\t\t<rs-slide data-key=\"rs-25\" data-title=\"Slide\" data-anim=\"ei:d;eo:d;s:1000;r:0;t:fade;sl:0;\">\n\t\t\t\t\t\t\t<img decoding=\"async\" data-src=\"\/\/sectores.export.com.gt\/acuicultura-y-pesca\/wp-content\/uploads\/sites\/24\/2022\/06\/1-Sobre-nosotros-fondo.jpg\" title=\"Fondo Azul\" width=\"1443\" height=\"270\" class=\"rev-slidebg lazyload\" data-no-retina src=\"data:image\/svg+xml;base64,PHN2ZyB3aWR0aD0iMSIgaGVpZ2h0PSIxIiB4bWxucz0iaHR0cDovL3d3dy53My5vcmcvMjAwMC9zdmciPjwvc3ZnPg==\" style=\"--smush-placeholder-width: 1443px; --smush-placeholder-aspect-ratio: 1443\/270;\">\n<!--\n\t\t\t\t\t\t\t--><h1\n\t\t\t\t\t\t\t\tid=\"slider-19-slide-25-layer-0\" \n\t\t\t\t\t\t\t\tclass=\"rs-layer\"\n\t\t\t\t\t\t\t\tdata-type=\"text\"\n\t\t\t\t\t\t\t\tdata-color=\"#ffffff\"\n\t\t\t\t\t\t\t\tdata-rsp_ch=\"on\"\n\t\t\t\t\t\t\t\tdata-xy=\"x:c;y:c;\"\n\t\t\t\t\t\t\t\tdata-text=\"w:normal;s:45;l:31;fw:800;\"\n\t\t\t\t\t\t\t\tdata-frame_999=\"o:0;st:w;\"\n\t\t\t\t\t\t\t\tstyle=\"z-index:5;font-family:Jost;\"\n\t\t\t\t\t\t\t>Preguntas Frecuentes \n\t\t\t\t\t\t\t<\/h1><!--\n-->\t\t\t\t\t\t<\/rs-slide>\n\t\t\t\t\t<\/rs-slides>\n\t\t\t\t<\/rs-module>\n\t\t\t<\/rs-module-wrap>\n\t\t\t<!-- END REVOLUTION SLIDER -->\n<\/div><\/div><\/div><\/div><div class=\"vc_row wpb_row vc_row-fluid overall-width justify-self-auto\"><div class=\"wpb_column vc_column_container vc_col-sm-12\"><div class=\"vc_column-inner\"><div class=\"wpb_wrapper\"><div id='breadcrumb' class=\"w-full mt-12\">\n    <div class=\"flex items-center w-full bg-header-light rounded px-2\">\n        <a href=\"#\">\n            <ion-icon name=\"home-sharp\" class=\"w-3.5 h-3.5 text-body-grey-02\"><\/ion-icon>\n        <\/a>\n        <span class=\"font-assistant font-normal text-base\">\n            <span class=\"breadcrumb-options-additionals\">\n                                <a href=\"https:\/\/sectores.export.com.gt\/acuicultura-y-pesca\">Inicio<\/a> \/ \n                <a href=\"https:\/\/sectores.export.com.gt\/acuicultura-y-pesca\">Acuicultura y Pesca<\/a> \/\n                                    <span style=\"padding: 0px 10px;\">FAQS<\/span>\/\n                            <\/span>\n        <\/span>\n    <\/div>\n<\/div>\n\t<div class=\"wpb_text_column wpb_content_element \" >\n\t\t<div class=\"wpb_wrapper\">\n\t\t\t\n\n\t\t<\/div>\n\t<\/div>\n<\/div><\/div><\/div><\/div><div class=\"vc_row wpb_row vc_row-fluid overall-width justify-self-auto vc_custom_1654807623697\"><div class=\"wpb_column vc_column_container vc_col-sm-12\"><div class=\"vc_column-inner\"><div class=\"wpb_wrapper\">\n\t<div class=\"wpb_text_column wpb_content_element \" >\n\t\t<div class=\"wpb_wrapper\">\n\t\t\t<h1 style=\"text-align: center;\"><span style=\"color: #050c86;\">Preguntas Frecuentes<\/span><\/h1>\n\n\t\t<\/div>\n\t<\/div>\n<\/div><\/div><\/div><\/div><div class=\"vc_row wpb_row vc_row-fluid overall-width justify-self-auto vc_custom_1654807623697\"><div class=\"wpb_column vc_column_container vc_col-sm-12\"><div class=\"vc_column-inner\"><div class=\"wpb_wrapper\"><div class=\"vc_empty_space\"   style=\"height: 50px\"><span class=\"vc_empty_space_inner\"><\/span><\/div><div class=\"vc_tta-container\" data-vc-action=\"collapse\"><div class=\"vc_general vc_tta vc_tta-accordion vc_tta-color-grey vc_tta-style-classic vc_tta-shape-rounded vc_tta-o-shape-group vc_tta-controls-align-left\"><div class=\"vc_tta-panels-container\"><div class=\"vc_tta-panels\"><div class=\"vc_tta-panel vc_active\" id=\"1675902885533-dff4e8bc-d4ac\" data-vc-content=\".vc_tta-panel-body\"><div class=\"vc_tta-panel-heading\"><h4 class=\"vc_tta-panel-title vc_tta-controls-icon-position-left\"><a href=\"#1675902885533-dff4e8bc-d4ac\" data-vc-accordion data-vc-container=\".vc_tta-container\"><span class=\"vc_tta-title-text\">1. \u00bfQu\u00e9 es AGEXPORT?<\/span><i class=\"vc_tta-controls-icon vc_tta-controls-icon-plus\"><\/i><\/a><\/h4><\/div><div class=\"vc_tta-panel-body\">\n\t<div class=\"wpb_text_column wpb_content_element \" >\n\t\t<div class=\"wpb_wrapper\">\n\t\t\t<p class=\"p1\">La Asociaci\u00f3n Guatemalteca de Exportadores &#8211; AGEXPORT &#8211; es una entidad privada sin fines de lucro, fundada desde 1982, cuyo objetivo es promover y desarrollar las exportaciones no tradicionales de productos y servicios guatemaltecos.<\/p>\n\n\t\t<\/div>\n\t<\/div>\n<\/div><\/div><div class=\"vc_tta-panel\" id=\"1675902885553-9b358ddb-54b5\" data-vc-content=\".vc_tta-panel-body\"><div class=\"vc_tta-panel-heading\"><h4 class=\"vc_tta-panel-title vc_tta-controls-icon-position-left\"><a href=\"#1675902885553-9b358ddb-54b5\" data-vc-accordion data-vc-container=\".vc_tta-container\"><span class=\"vc_tta-title-text\">2. \u00bfCu\u00e1l es la direcci\u00f3n AGEXPORT?<\/span><i class=\"vc_tta-controls-icon vc_tta-controls-icon-plus\"><\/i><\/a><\/h4><\/div><div class=\"vc_tta-panel-body\">\n\t<div class=\"wpb_text_column wpb_content_element \" >\n\t\t<div class=\"wpb_wrapper\">\n\t\t\t<p class=\"p1\">Es 15 avenida 14-72, zona 13, Ciudad de Guatemala, Centroam\u00e9rica.<\/p>\n\n\t\t<\/div>\n\t<\/div>\n<\/div><\/div><div class=\"vc_tta-panel\" id=\"1675903015140-9725478c-9040\" data-vc-content=\".vc_tta-panel-body\"><div class=\"vc_tta-panel-heading\"><h4 class=\"vc_tta-panel-title vc_tta-controls-icon-position-left\"><a href=\"#1675903015140-9725478c-9040\" data-vc-accordion data-vc-container=\".vc_tta-container\"><span class=\"vc_tta-title-text\">3. \u00bfCu\u00e1l es el PBX de AGEXPORT?<\/span><i class=\"vc_tta-controls-icon vc_tta-controls-icon-plus\"><\/i><\/a><\/h4><\/div><div class=\"vc_tta-panel-body\">\n\t<div class=\"wpb_text_column wpb_content_element \" >\n\t\t<div class=\"wpb_wrapper\">\n\t\t\t<p class=\"p1\">Es el (502) 2422-3400<\/p>\n\n\t\t<\/div>\n\t<\/div>\n<\/div><\/div><div class=\"vc_tta-panel\" id=\"1675903070292-f4cb8e0e-f6ba\" data-vc-content=\".vc_tta-panel-body\"><div class=\"vc_tta-panel-heading\"><h4 class=\"vc_tta-panel-title vc_tta-controls-icon-position-left\"><a href=\"#1675903070292-f4cb8e0e-f6ba\" data-vc-accordion data-vc-container=\".vc_tta-container\"><span class=\"vc_tta-title-text\">4. \u00bfCu\u00e1l es el horario de atenci\u00f3n AGEXPORT?<\/span><i class=\"vc_tta-controls-icon vc_tta-controls-icon-plus\"><\/i><\/a><\/h4><\/div><div class=\"vc_tta-panel-body\">\n\t<div class=\"wpb_text_column wpb_content_element \" >\n\t\t<div class=\"wpb_wrapper\">\n\t\t\t<p class=\"p1\">Es de lunes a viernes de 8:00 a 17:00 horas.<\/p>\n\n\t\t<\/div>\n\t<\/div>\n<\/div><\/div><div class=\"vc_tta-panel\" id=\"1675903121583-62e2ec61-8087\" data-vc-content=\".vc_tta-panel-body\"><div class=\"vc_tta-panel-heading\"><h4 class=\"vc_tta-panel-title vc_tta-controls-icon-position-left\"><a href=\"#1675903121583-62e2ec61-8087\" data-vc-accordion data-vc-container=\".vc_tta-container\"><span class=\"vc_tta-title-text\">5. \u00bfCu\u00e1les son los beneficios de asociarme AGEXPORT?<\/span><i class=\"vc_tta-controls-icon vc_tta-controls-icon-plus\"><\/i><\/a><\/h4><\/div><div class=\"vc_tta-panel-body\">\n\t<div class=\"wpb_text_column wpb_content_element \" >\n\t\t<div class=\"wpb_wrapper\">\n\t\t\t<p class=\"p1\">&nbsp;Acompa\u00f1amiento al empresario para exportar sus productos o servicios, por medio de Ruta del Exportador.<\/p>\n<p class=\"p1\">&#8211; Acceso al Programa AGEXPORT PLUS, con beneficios exclusivos.<\/p>\n<p class=\"p1\">&#8211; Promoci\u00f3n internacional por medio del directorio digital de exportadores.<\/p>\n<p class=\"p1\">&#8211; Edici\u00f3n bimensual de revista DATAEXPORT.<\/p>\n<p class=\"p1\">&#8211; Participaci\u00f3n en las negociaciones comerciales de su inter\u00e9s.<\/p>\n<p class=\"p1\">&#8211; Invitaci\u00f3n a ferias comerciales.<\/p>\n<p class=\"p1\">&#8211; Promoci\u00f3n de sus productos y de su empresa con empresarios extranjeros interesados.<\/p>\n<p class=\"p1\">&#8211; Asesor\u00eda en exportaci\u00f3n.<\/p>\n<p class=\"p1\">&#8211; Descuento del 30 por ciento en capacitaciones de la Escuela de Comercio Exterior.<\/p>\n<p class=\"p1\">&#8211; Representatividad al formar parte de un sector organizado.<\/p>\n<p class=\"p1\">&#8211; Descuentos en actividades especiales, cuotas de capacitaciones espec\u00edficas.<\/p>\n<p class=\"p1\">&#8211; Tarifa preferencial en pautas publicitarias de DATAEXPORT.<\/p>\n<p class=\"p1\">&#8211; Tarifa preferencial en pautas publicitarias en nuestro directorio.<\/p>\n<p class=\"p1\">Promoci\u00f3n de la empresa en la revista DATAEXPORT y bienvenida como nuevo socio de AGEXPORT.<\/p>\n\n\t\t<\/div>\n\t<\/div>\n<\/div><\/div><div class=\"vc_tta-panel\" id=\"1683557357265-51ba8c0d-32ce\" data-vc-content=\".vc_tta-panel-body\"><div class=\"vc_tta-panel-heading\"><h4 class=\"vc_tta-panel-title vc_tta-controls-icon-position-left\"><a href=\"#1683557357265-51ba8c0d-32ce\" data-vc-accordion data-vc-container=\".vc_tta-container\"><span class=\"vc_tta-title-text\">6. \u00bfCu\u00e1les son los requisitos para asociarse?<\/span><i class=\"vc_tta-controls-icon vc_tta-controls-icon-plus\"><\/i><\/a><\/h4><\/div><div class=\"vc_tta-panel-body\">\n\t<div class=\"wpb_text_column wpb_content_element \" >\n\t\t<div class=\"wpb_wrapper\">\n\t\t\t<p class=\"p1\">1. Patente de Comercio.<\/p>\n<p class=\"p1\">2. Registro Tributario Unificado (RTU) de la empresa.<\/p>\n<p class=\"p1\">3. Recibo de agua o luz.<\/p>\n<p class=\"p1\">4. Nombramiento del representante inscrito en el Registro Mercantil.<\/p>\n<p class=\"p1\">5. Fotocopia del Documento Personal de Identificaci\u00f3n del representante legal.<\/p>\n<p class=\"p1\">6. Llenar formulario en l\u00ednea para aprobaci\u00f3n como nuevo asociado de AGEXPORT.<\/p>\n<p class=\"p1\">Si deseas puede agendar una cita con ejecutivo de AGEXPORT para m\u00e1s informaci\u00f3n, llamando al tel\u00e9fono 2422-3400 o enviando un correo electr\u00f3nico a servicioalcliente@agexport.org.gt<\/p>\n\n\t\t<\/div>\n\t<\/div>\n<\/div><\/div><div class=\"vc_tta-panel\" id=\"1683557388952-62ff3371-2038\" data-vc-content=\".vc_tta-panel-body\"><div class=\"vc_tta-panel-heading\"><h4 class=\"vc_tta-panel-title vc_tta-controls-icon-position-left\"><a href=\"#1683557388952-62ff3371-2038\" data-vc-accordion data-vc-container=\".vc_tta-container\"><span class=\"vc_tta-title-text\">7. \u00bfC\u00f3mo puedo solicitar el c\u00f3digo de exportador?<\/span><i class=\"vc_tta-controls-icon vc_tta-controls-icon-plus\"><\/i><\/a><\/h4><\/div><div class=\"vc_tta-panel-body\">\n\t<div class=\"wpb_text_column wpb_content_element \" >\n\t\t<div class=\"wpb_wrapper\">\n\t\t\t<p class=\"p1\">Los documentos&nbsp;necesarios para la solicitud de C\u00f3digo de Exportador dependen del tipo de empresa. Debe escanear los documentos de soporte ya que en una de las secciones de la solicitud se pide adjuntarlos en formato PDF, cada documento no debe ser mayor a 4 megabytes. Los documentos necesarios seg\u00fan el tipo de empresa son:<\/p>\n<p class=\"p1\">Sociedad An\u00f3nima:<\/p>\n<p class=\"p1\">&nbsp; &nbsp; &#8211; Patente de comercio.<\/p>\n<p class=\"p1\">&nbsp; &nbsp; &#8211; Patente de sociedad.<\/p>\n<p class=\"p1\">&nbsp; &nbsp; &#8211; Nombramiento de Representante inscrito en el Registro Mercantil.<\/p>\n<p class=\"p1\">&nbsp; &nbsp; &#8211; Fotocopia del Documento Personal de Identificaci\u00f3n o equivalente del representante legal.<\/p>\n<p class=\"p1\">&nbsp; &nbsp; &#8211; Copia de factura anulada u orden de impresi\u00f3n autorizada por la Superintendencia de Administraci\u00f3n Tributaria.<\/p>\n<p class=\"p1\">&nbsp; &nbsp; &#8211;&nbsp;Formato de registro de Firmas Autorizadas RE-F-005.<\/p>\n<p class=\"p1\">Persona individual:<\/p>\n<p class=\"p1\">&nbsp; &nbsp; &#8211; Patente de comercio.<\/p>\n<p class=\"p1\">&nbsp; &nbsp; &#8211; Fotocopia del Documento Personal de Identificaci\u00f3n o equivalente del representante legal.<\/p>\n<p class=\"p1\">&nbsp; &nbsp; &#8211; Copia de factura anulada u orden de impresi\u00f3n autorizada por la Superintendencia de Administraci\u00f3n Tributaria.<\/p>\n<p class=\"p1\">&nbsp; &nbsp; &#8211; Formato de registro de Firmas Autorizadas RE-F-005<\/p>\n<p class=\"p1\">Organizaci\u00f3n gubernamental:<\/p>\n<p class=\"p1\">&nbsp; &nbsp; &#8211; Exenci\u00f3n de impuestos emitida por la Superintendencia de Administraci\u00f3n Tributaria.<\/p>\n<p class=\"p1\">&nbsp; &nbsp; &#8211; Permiso del Ministerio de Gobernaci\u00f3n para su funcionamiento.<\/p>\n<p class=\"p1\">&nbsp; &nbsp; &#8211; Nombramiento del representante legal.<\/p>\n<p class=\"p1\">&nbsp; &nbsp; &#8211;&nbsp;Fotocopia del Documento Personal de Identificaci\u00f3n o equivalente del representante legal.<\/p>\n<p class=\"p1\">&nbsp; &nbsp; &#8211; Copia de factura anulada u orden de impresi\u00f3n autorizada por la Superintendencia de Administraci\u00f3n Tributaria.<\/p>\n<p class=\"p1\">&nbsp; &nbsp; &#8211; Formato de registro de Firmas Autorizadas RE-F-005.<\/p>\n<p class=\"p1\">Colegio:<\/p>\n<p class=\"p1\">&nbsp; &nbsp; &#8211; Exenci\u00f3n de impuestos emitida por la Superintendencia de Administraci\u00f3n Tributaria.<\/p>\n<p class=\"p1\">&nbsp; &nbsp; &#8211; Permiso Ministerio de Educaci\u00f3n.<\/p>\n<p class=\"p1\">&nbsp; &nbsp; &#8211; Nombramiento del representante legal.<\/p>\n<p class=\"p1\">&nbsp; &nbsp; &#8211;&nbsp; Fotocopia del Documento Personal de Identificaci\u00f3n o equivalente del representante legal.<\/p>\n<p class=\"p1\">&nbsp; &nbsp; &#8211; Copia de factura anulada u orden de impresi\u00f3n autorizada por la Superintendencia de Administraci\u00f3n Tributaria.<\/p>\n<p class=\"p1\">&nbsp; &nbsp; &#8211; Formato de registro de Firmas Autorizadas RE-F-005.<\/p>\n<p class=\"p1\">Iglesia:<\/p>\n<p class=\"p1\">&nbsp; &nbsp; &#8211; Nombramiento de representante legal.<\/p>\n<p class=\"p1\">&nbsp; &nbsp; &#8211; Fotocopia del Documento Personal de Identificaci\u00f3n o equivalente del representante legal.<\/p>\n<p class=\"p1\">&nbsp; &nbsp; &#8211; Permiso Ministerio de Gobernaci\u00f3n.<\/p>\n<p class=\"p1\">&nbsp; &nbsp; &#8211; Copia de factura anulada u orden de impresi\u00f3n autorizada por la Superintendencia de Administraci\u00f3n Tributaria.<\/p>\n<p class=\"p1\">&nbsp; &nbsp; &#8211; Formato de registro de Firmas Autorizadas RE-F-005.<\/p>\n<p class=\"p1\">Cooperativa:<\/p>\n<p class=\"p1\">&nbsp; &nbsp; &#8211; Nombramiento del representante legal.<\/p>\n<p class=\"p1\">&nbsp; &nbsp; &#8211; Registro en el Registro General de Cooperativas.<\/p>\n<p class=\"p1\">&nbsp; &nbsp; &#8211; Fotocopia del Documento Personal de Identificaci\u00f3n o equivalente del representante legal.<\/p>\n<p class=\"p1\">&nbsp; &nbsp; &#8211; Copia de factura anulada u orden de impresi\u00f3n autorizada por la Superintendencia de Administraci\u00f3n Tributaria.<\/p>\n<p class=\"p1\">&nbsp; &nbsp; &#8211; Formato de registro de Firmas Autorizadas RE-F-005.<\/p>\n<p class=\"p1\">Sociedad Comandita Simple:&lt;<\/p>\n<p class=\"p1\">&nbsp; &nbsp; &#8211; Nombramiento del representante inscrito en el Registro Mercantil.<\/p>\n<p class=\"p1\">&nbsp; &nbsp; &#8211; Fotocopia del Documento Personal de Identificaci\u00f3n o equivalente del representante legal.<\/p>\n<p class=\"p1\">&nbsp; &nbsp; &#8211; Copia de factura anulada u orden de impresi\u00f3n autorizada por la Superintendencia de Administraci\u00f3n Tributaria.<\/p>\n<p class=\"p1\">&nbsp; &nbsp; &#8211; Formato de registro de Firmas Autorizadas RE-F-005<\/p>\n<p class=\"p1\">Sociedad Comandita por Acciones:&lt;<\/p>\n<p class=\"p1\">&nbsp; &nbsp; &#8211; Nombramiento del representante inscrito en el Registro Mercantil.<\/p>\n<p class=\"p1\">&nbsp; &nbsp; &#8211; Fotocopia del Documento Personal de Identificaci\u00f3n o equivalente del representante legal.<\/p>\n<p class=\"p1\">&nbsp; &nbsp; &#8211; Copia de factura anulada u orden de impresi\u00f3n autorizada por la Superintendencia de Administraci\u00f3n Tributaria.<\/p>\n<p class=\"p1\">&nbsp; &nbsp; &#8211; Formato de registro de Firmas Autorizadas RE-F-005<\/p>\n<p class=\"p1\">Organizaci\u00f3n No Gubernamental (ONG):<\/p>\n<p class=\"p1\">&nbsp; &nbsp; &#8211; Representaci\u00f3n legal del exportador<\/p>\n<p class=\"p1\">&nbsp; &nbsp; &#8211; Copia de recibo de la organizaci\u00f3n no gubernamental.<\/p>\n<p class=\"p1\">&nbsp; &nbsp; &#8211; Registro Tributario Unificado.<\/p>\n<p class=\"p1\">&nbsp; &nbsp; &#8211; Fotocopia del Documento Personal de Identificaci\u00f3n o equivalente del representante legal.<\/p>\n<p class=\"p1\">&nbsp; &nbsp; &#8211; Permiso de Gobernaci\u00f3n para el funcionamiento de la ONG.<\/p>\n<p class=\"p1\">&nbsp; &nbsp; &#8211; Exenci\u00f3n de Impuestos ante la Superintendencia de Administraci\u00f3n Tributaria.<\/p>\n<p class=\"p1\">&nbsp; &nbsp; &#8211; Formato de registro de Firmas Autorizadas RE-F-005<\/p>\n<p class=\"p1\">Importante:<\/p>\n<p class=\"p1\">Puede descargar el Formato de Registro de Firmas Autorizadas RE-F-005 en el portal VUPE en la secci\u00f3n AYUDA AL EXPORTADOR\/ SOLICITUDES en http:\/\/vupe.export.com.gt\/ Conozca el procedimiento para Solicitar el C\u00f3digo consultando la Gu\u00edas C\u00f3digo de Exportador ubicada en la secci\u00f3n AYUDA AL EXPORTADOR\/ GUIAS del portal&nbsp;<a href=\"https:\/\/www.export.com.gt\/pregunta-frecuente\/preg-freq\/%22http:\/\/vupe.export.com.gt\/.%22\"><span class=\"s1\">http:\/\/vupe.export.com.gt\/.<\/span><\/a><\/p>\n<p class=\"p1\">Al finalizar el proceso en l\u00ednea a trav\u00e9s de la plataforma www.seadex.export.com.gt\/, ingresar\u00e1 a un estado de revisi\u00f3n, el tiempo que demora la gesti\u00f3n es de dos a tres horas. Previo a la aprobaci\u00f3n le contactan para indicar que su c\u00f3digo de exportador ha sido creado y debe de realizar un dep\u00f3sito de Q 92.00 para que la activaci\u00f3n del mismo.<\/p>\n\n\t\t<\/div>\n\t<\/div>\n<\/div><\/div><\/div><\/div><\/div><\/div><div class=\"vc_empty_space\"   style=\"height: 110px\"><span class=\"vc_empty_space_inner\"><\/span><\/div><\/div><\/div><\/div><\/div>\n","protected":false},"excerpt":{"rendered":"Preguntas Frecuentes Inicio \/ Acuicultura y Pesca \/ FAQS\/ Preguntas Frecuentes 1. \u00bfQu\u00e9 es AGEXPORT? La Asociaci\u00f3n Guatemalteca de Exportadores - AGEXPORT - es una entidad privada sin fines de lucro, fundada desde 1982, cuyo objetivo es promover y desarrollar las exportaciones no tradicionales de productos y servicios guatemaltecos. 2. \u00bfCu\u00e1l es la direcci\u00f3n AGEXPORT? [...]","protected":false},"author":1,"featured_media":0,"parent":0,"menu_order":0,"comment_status":"closed","ping_status":"closed","template":"","meta":{"_acf_changed":false,"ngg_post_thumbnail":0,"footnotes":""},"class_list":["post-606","page","type-page","status-publish","hentry"],"acf":[],"yoast_head":"<!-- This site is optimized with the Yoast SEO plugin v25.6 - https:\/\/yoast.com\/wordpress\/plugins\/seo\/ -->\n<title>FAQS - Acuicultura y Pesca<\/title>\n<meta name=\"robots\" content=\"index, follow, max-snippet:-1, max-image-preview:large, max-video-preview:-1\" \/>\n<link rel=\"canonical\" href=\"https:\/\/sectores.export.com.gt\/acuicultura-y-pesca\/faqs\/\" \/>\n<meta property=\"og:locale\" content=\"es_ES\" \/>\n<meta property=\"og:type\" content=\"article\" \/>\n<meta property=\"og:title\" content=\"FAQS - Acuicultura y Pesca\" \/>\n<meta property=\"og:url\" content=\"https:\/\/sectores.export.com.gt\/acuicultura-y-pesca\/faqs\/\" \/>\n<meta property=\"og:site_name\" content=\"Acuicultura y Pesca\" \/>\n<meta property=\"article:modified_time\" content=\"2023-05-13T00:00:12+00:00\" \/>\n<meta name=\"twitter:card\" content=\"summary_large_image\" \/>\n<meta name=\"twitter:label1\" content=\"Est. reading time\" \/>\n\t<meta name=\"twitter:data1\" content=\"7 minutos\" \/>\n<script type=\"application\/ld+json\" class=\"yoast-schema-graph\">{\"@context\":\"https:\/\/schema.org\",\"@graph\":[{\"@type\":\"WebPage\",\"@id\":\"https:\/\/sectores.export.com.gt\/acuicultura-y-pesca\/faqs\/?lang=en\",\"url\":\"https:\/\/sectores.export.com.gt\/acuicultura-y-pesca\/faqs\/?lang=en\",\"name\":\"FAQS - Acuicultura y Pesca\",\"isPartOf\":{\"@id\":\"https:\/\/sectores.export.com.gt\/acuicultura-y-pesca\/#website\"},\"datePublished\":\"2023-02-09T00:27:24+00:00\",\"dateModified\":\"2023-05-13T00:00:12+00:00\",\"breadcrumb\":{\"@id\":\"https:\/\/sectores.export.com.gt\/acuicultura-y-pesca\/faqs\/?lang=en#breadcrumb\"},\"inLanguage\":\"es\",\"potentialAction\":[{\"@type\":\"ReadAction\",\"target\":[\"https:\/\/sectores.export.com.gt\/acuicultura-y-pesca\/faqs\/?lang=en\"]}]},{\"@type\":\"BreadcrumbList\",\"@id\":\"https:\/\/sectores.export.com.gt\/acuicultura-y-pesca\/faqs\/?lang=en#breadcrumb\",\"itemListElement\":[{\"@type\":\"ListItem\",\"position\":1,\"name\":\"Home\",\"item\":\"https:\/\/sectores.export.com.gt\/acuicultura-y-pesca\/\"},{\"@type\":\"ListItem\",\"position\":2,\"name\":\"FAQS\"}]},{\"@type\":\"WebSite\",\"@id\":\"https:\/\/sectores.export.com.gt\/acuicultura-y-pesca\/#website\",\"url\":\"https:\/\/sectores.export.com.gt\/acuicultura-y-pesca\/\",\"name\":\"Acuicultura y Pesca\",\"description\":\"Acuicultura y Pesca\",\"potentialAction\":[{\"@type\":\"SearchAction\",\"target\":{\"@type\":\"EntryPoint\",\"urlTemplate\":\"https:\/\/sectores.export.com.gt\/acuicultura-y-pesca\/?s={search_term_string}\"},\"query-input\":{\"@type\":\"PropertyValueSpecification\",\"valueRequired\":true,\"valueName\":\"search_term_string\"}}],\"inLanguage\":\"es\"}]}<\/script>\n<!-- \/ Yoast SEO plugin. -->","yoast_head_json":{"title":"FAQS - Acuicultura y Pesca","robots":{"index":"index","follow":"follow","max-snippet":"max-snippet:-1","max-image-preview":"max-image-preview:large","max-video-preview":"max-video-preview:-1"},"canonical":"https:\/\/sectores.export.com.gt\/acuicultura-y-pesca\/faqs\/","og_locale":"es_ES","og_type":"article","og_title":"FAQS - Acuicultura y Pesca","og_url":"https:\/\/sectores.export.com.gt\/acuicultura-y-pesca\/faqs\/","og_site_name":"Acuicultura y Pesca","article_modified_time":"2023-05-13T00:00:12+00:00","twitter_card":"summary_large_image","twitter_misc":{"Est. reading time":"7 minutos"},"schema":{"@context":"https:\/\/schema.org","@graph":[{"@type":"WebPage","@id":"https:\/\/sectores.export.com.gt\/acuicultura-y-pesca\/faqs\/?lang=en","url":"https:\/\/sectores.export.com.gt\/acuicultura-y-pesca\/faqs\/?lang=en","name":"FAQS - Acuicultura y Pesca","isPartOf":{"@id":"https:\/\/sectores.export.com.gt\/acuicultura-y-pesca\/#website"},"datePublished":"2023-02-09T00:27:24+00:00","dateModified":"2023-05-13T00:00:12+00:00","breadcrumb":{"@id":"https:\/\/sectores.export.com.gt\/acuicultura-y-pesca\/faqs\/?lang=en#breadcrumb"},"inLanguage":"es","potentialAction":[{"@type":"ReadAction","target":["https:\/\/sectores.export.com.gt\/acuicultura-y-pesca\/faqs\/?lang=en"]}]},{"@type":"BreadcrumbList","@id":"https:\/\/sectores.export.com.gt\/acuicultura-y-pesca\/faqs\/?lang=en#breadcrumb","itemListElement":[{"@type":"ListItem","position":1,"name":"Home","item":"https:\/\/sectores.export.com.gt\/acuicultura-y-pesca\/"},{"@type":"ListItem","position":2,"name":"FAQS"}]},{"@type":"WebSite","@id":"https:\/\/sectores.export.com.gt\/acuicultura-y-pesca\/#website","url":"https:\/\/sectores.export.com.gt\/acuicultura-y-pesca\/","name":"Acuicultura y Pesca","description":"Acuicultura y Pesca","potentialAction":[{"@type":"SearchAction","target":{"@type":"EntryPoint","urlTemplate":"https:\/\/sectores.export.com.gt\/acuicultura-y-pesca\/?s={search_term_string}"},"query-input":{"@type":"PropertyValueSpecification","valueRequired":true,"valueName":"search_term_string"}}],"inLanguage":"es"}]}},"_links":{"self":[{"href":"https:\/\/sectores.export.com.gt\/acuicultura-y-pesca\/wp-json\/wp\/v2\/pages\/606","targetHints":{"allow":["GET"]}}],"collection":[{"href":"https:\/\/sectores.export.com.gt\/acuicultura-y-pesca\/wp-json\/wp\/v2\/pages"}],"about":[{"href":"https:\/\/sectores.export.com.gt\/acuicultura-y-pesca\/wp-json\/wp\/v2\/types\/page"}],"author":[{"embeddable":true,"href":"https:\/\/sectores.export.com.gt\/acuicultura-y-pesca\/wp-json\/wp\/v2\/users\/1"}],"replies":[{"embeddable":true,"href":"https:\/\/sectores.export.com.gt\/acuicultura-y-pesca\/wp-json\/wp\/v2\/comments?post=606"}],"version-history":[{"count":13,"href":"https:\/\/sectores.export.com.gt\/acuicultura-y-pesca\/wp-json\/wp\/v2\/pages\/606\/revisions"}],"predecessor-version":[{"id":1158,"href":"https:\/\/sectores.export.com.gt\/acuicultura-y-pesca\/wp-json\/wp\/v2\/pages\/606\/revisions\/1158"}],"wp:attachment":[{"href":"https:\/\/sectores.export.com.gt\/acuicultura-y-pesca\/wp-json\/wp\/v2\/media?parent=606"}],"curies":[{"name":"wp","href":"https:\/\/api.w.org\/{rel}","templated":true}]}}