{"id":595,"date":"2023-02-09T00:01:54","date_gmt":"2023-02-09T00:01:54","guid":{"rendered":"https:\/\/sectores.export.com.gt\/acuicultura-y-pesca\/?page_id=595"},"modified":"2023-08-04T17:37:07","modified_gmt":"2023-08-04T17:37:07","slug":"otros-servicios-institucionales","status":"publish","type":"page","link":"https:\/\/sectores.export.com.gt\/acuicultura-y-pesca\/otros-servicios-institucionales\/","title":{"rendered":"Otros servicios institucionales"},"content":{"rendered":"<div class=\"vc_row wpb_row vc_row-fluid\"><div class=\"wpb_column vc_column_container vc_col-sm-12\"><div class=\"vc_column-inner\"><div class=\"wpb_wrapper\">\n\t\t\t<!-- START Servicios REVOLUTION SLIDER 6.3.6 --><p class=\"rs-p-wp-fix\"><\/p>\n\t\t\t<rs-module-wrap id=\"rev_slider_8_1_wrapper\" data-source=\"gallery\" style=\"background:transparent;padding:0;margin:0px auto;margin-top:0;margin-bottom:0;\">\n\t\t\t\t<rs-module id=\"rev_slider_8_1\" style=\"\" data-version=\"6.3.6\">\n\t\t\t\t\t<rs-slides>\n\t\t\t\t\t\t<rs-slide data-key=\"rs-10\" data-title=\"Slide\" data-anim=\"ei:d;eo:d;s:1000;r:0;t:fade;sl:0;\">\n\t\t\t\t\t\t\t<img decoding=\"async\" data-src=\"\/\/sectores.export.com.gt\/acuicultura-y-pesca\/wp-content\/uploads\/sites\/24\/2022\/06\/1-Sobre-nosotros-fondo.jpg\" title=\"Fondo Azul\" width=\"1443\" height=\"270\" class=\"rev-slidebg lazyload\" data-no-retina src=\"data:image\/svg+xml;base64,PHN2ZyB3aWR0aD0iMSIgaGVpZ2h0PSIxIiB4bWxucz0iaHR0cDovL3d3dy53My5vcmcvMjAwMC9zdmciPjwvc3ZnPg==\" style=\"--smush-placeholder-width: 1443px; --smush-placeholder-aspect-ratio: 1443\/270;\">\n<!--\n\t\t\t\t\t\t\t--><h1\n\t\t\t\t\t\t\t\tid=\"slider-8-slide-10-layer-0\" \n\t\t\t\t\t\t\t\tclass=\"rs-layer\"\n\t\t\t\t\t\t\t\tdata-type=\"text\"\n\t\t\t\t\t\t\t\tdata-color=\"#ffffff\"\n\t\t\t\t\t\t\t\tdata-rsp_ch=\"on\"\n\t\t\t\t\t\t\t\tdata-xy=\"x:c;y:117px;\"\n\t\t\t\t\t\t\t\tdata-text=\"w:normal;s:45;l:31;fw:800;\"\n\t\t\t\t\t\t\t\tdata-frame_999=\"o:0;st:w;\"\n\t\t\t\t\t\t\t\tstyle=\"z-index:5;font-family:Jost;\"\n\t\t\t\t\t\t\t>Servicios para exportar \n\t\t\t\t\t\t\t<\/h1><!--\n-->\t\t\t\t\t\t<\/rs-slide>\n\t\t\t\t\t<\/rs-slides>\n\t\t\t\t<\/rs-module>\n\t\t\t<\/rs-module-wrap>\n\t\t\t<!-- END REVOLUTION SLIDER -->\n\n\t\t\t<!-- START Informaci\u00f3n exportaci\u00f3n REVOLUTION SLIDER 6.3.6 --><p class=\"rs-p-wp-fix\"><\/p>\n\t\t\t<rs-module-wrap id=\"rev_slider_11_2_wrapper\" data-source=\"gallery\" style=\"background:transparent;padding:0;margin:0px auto;margin-top:0;margin-bottom:0;\">\n\t\t\t\t<rs-module id=\"rev_slider_11_2\" style=\"\" data-version=\"6.3.6\">\n\t\t\t\t\t<rs-slides>\n\t\t\t\t\t\t<rs-slide data-key=\"rs-13\" data-title=\"Slide\" data-anim=\"ei:d;eo:d;s:1000;r:0;t:fade;sl:0;\">\n\t\t\t\t\t\t\t<img decoding=\"async\" data-src=\"\/\/sectores.export.com.gt\/acuicultura-y-pesca\/wp-content\/uploads\/sites\/24\/2022\/06\/Informacion-de-exportacion-industria-fondo.png\" title=\"Informacion-de-exportacion-industria-fondo\" width=\"1443\" height=\"390\" class=\"rev-slidebg lazyload\" data-no-retina src=\"data:image\/svg+xml;base64,PHN2ZyB3aWR0aD0iMSIgaGVpZ2h0PSIxIiB4bWxucz0iaHR0cDovL3d3dy53My5vcmcvMjAwMC9zdmciPjwvc3ZnPg==\" style=\"--smush-placeholder-width: 1443px; --smush-placeholder-aspect-ratio: 1443\/390;\">\n<!--\n\t\t\t\t\t\t\t--><rs-layer\n\t\t\t\t\t\t\t\tid=\"slider-11-slide-13-layer-0\" \n\t\t\t\t\t\t\t\tdata-type=\"text\"\n\t\t\t\t\t\t\t\tdata-color=\"#0c0c0c\"\n\t\t\t\t\t\t\t\tdata-rsp_ch=\"on\"\n\t\t\t\t\t\t\t\tdata-xy=\"x:50px;y:50px;\"\n\t\t\t\t\t\t\t\tdata-text=\"w:normal;s:40;l:50;fw:500;\"\n\t\t\t\t\t\t\t\tdata-dim=\"w:603;\"\n\t\t\t\t\t\t\t\tdata-frame_999=\"o:0;st:w;\"\n\t\t\t\t\t\t\t\tstyle=\"z-index:5;font-family:Roboto;\"\n\t\t\t\t\t\t\t>Accede a toda la informaci\u00f3n de exportaci\u00f3n sobre tu industria \n\t\t\t\t\t\t\t<\/rs-layer><!--\n\n\t\t\t\t\t\t\t--><rs-layer\n\t\t\t\t\t\t\t\tid=\"slider-11-slide-13-layer-1\" \n\t\t\t\t\t\t\t\tdata-type=\"text\"\n\t\t\t\t\t\t\t\tdata-color=\"#0c0c0c\"\n\t\t\t\t\t\t\t\tdata-rsp_ch=\"on\"\n\t\t\t\t\t\t\t\tdata-xy=\"x:54px;y:162px;\"\n\t\t\t\t\t\t\t\tdata-text=\"w:normal;l:26;\"\n\t\t\t\t\t\t\t\tdata-dim=\"w:591;h:81;\"\n\t\t\t\t\t\t\t\tdata-frame_999=\"o:0;st:w;\"\n\t\t\t\t\t\t\t\tstyle=\"z-index:6;font-family:Roboto;\"\n\t\t\t\t\t\t\t>BRAIN es un sistema inteligente de informaci\u00f3n que tiene como objetivo acercar informaci\u00f3n de valor generada en AGEXPORT a los exportadores Guatemaltecos. \n\t\t\t\t\t\t\t<\/rs-layer><!--\n\n\t\t\t\t\t\t\t--><a\n\t\t\t\t\t\t\t\tid=\"slider-11-slide-13-layer-2\" \n\t\t\t\t\t\t\t\tclass=\"rs-layer rev-btn\"\n\t\t\t\t\t\t\t\thref=\"https:\/\/brain-site.web.app\/user\/login\" target=\"_blank\" rel=\"noopener\"\n\t\t\t\t\t\t\t\tdata-type=\"button\"\n\t\t\t\t\t\t\t\tdata-color=\"#002959\"\n\t\t\t\t\t\t\t\tdata-rsp_ch=\"on\"\n\t\t\t\t\t\t\t\tdata-xy=\"x:55px;y:259px;\"\n\t\t\t\t\t\t\t\tdata-text=\"w:normal;s:18;l:50;fw:600;\"\n\t\t\t\t\t\t\t\tdata-dim=\"minh:0px;\"\n\t\t\t\t\t\t\t\tdata-padding=\"r:40;l:40;\"\n\t\t\t\t\t\t\t\tdata-border=\"bor:3px,3px,3px,3px;\"\n\t\t\t\t\t\t\t\tdata-frame_999=\"o:0;st:w;\"\n\t\t\t\t\t\t\t\tdata-frame_hover=\"c:#fff;bgc:#002959;bor:3px,3px,3px,3px;sp:100;e:power1.inOut;bri:120%;\"\n\t\t\t\t\t\t\t\tstyle=\"z-index:7;background-color:#ffffff;font-family:Jost;\"\n\t\t\t\t\t\t\t>Ingrese aqu\u00ed \n\t\t\t\t\t\t\t<\/a><!--\n\n\t\t\t\t\t\t\t--><rs-layer\n\t\t\t\t\t\t\t\tid=\"slider-11-slide-13-layer-3\" \n\t\t\t\t\t\t\t\tdata-type=\"image\"\n\t\t\t\t\t\t\t\tdata-rsp_ch=\"on\"\n\t\t\t\t\t\t\t\tdata-xy=\"x:708px;y:68px;\"\n\t\t\t\t\t\t\t\tdata-text=\"w:normal;\"\n\t\t\t\t\t\t\t\tdata-dim=\"w:472px;h:248px;\"\n\t\t\t\t\t\t\t\tdata-frame_999=\"o:0;st:w;\"\n\t\t\t\t\t\t\t\tstyle=\"z-index:8;\"\n\t\t\t\t\t\t\t><img decoding=\"async\" data-src=\"\/\/sectores.export.com.gt\/acuicultura-y-pesca\/wp-content\/uploads\/sites\/24\/2022\/06\/Informacion-de-exportacion-industria-fondo-icono.png\" width=\"529\" height=\"278\" data-no-retina src=\"data:image\/svg+xml;base64,PHN2ZyB3aWR0aD0iMSIgaGVpZ2h0PSIxIiB4bWxucz0iaHR0cDovL3d3dy53My5vcmcvMjAwMC9zdmciPjwvc3ZnPg==\" class=\"lazyload\" style=\"--smush-placeholder-width: 529px; --smush-placeholder-aspect-ratio: 529\/278;\"> \n\t\t\t\t\t\t\t<\/rs-layer><!--\n-->\t\t\t\t\t\t<\/rs-slide>\n\t\t\t\t\t<\/rs-slides>\n\t\t\t\t<\/rs-module>\n\t\t\t<\/rs-module-wrap>\n\t\t\t<!-- END REVOLUTION SLIDER -->\n<\/div><\/div><\/div><\/div><div class=\"vc_row wpb_row vc_row-fluid overall-width justify-self-auto\"><div class=\"wpb_column vc_column_container vc_col-sm-12\"><div class=\"vc_column-inner\"><div class=\"wpb_wrapper\"><div id='breadcrumb' class=\"w-full mt-12\">\n    <div class=\"flex items-center w-full bg-header-light rounded px-2\">\n        <a href=\"#\">\n            <ion-icon name=\"home-sharp\" class=\"w-3.5 h-3.5 text-body-grey-02\"><\/ion-icon>\n        <\/a>\n        <span class=\"font-assistant font-normal text-base\">\n            <span class=\"breadcrumb-options-additionals\">\n                                <a href=\"https:\/\/sectores.export.com.gt\/acuicultura-y-pesca\">Inicio<\/a> \/ \n                <a href=\"https:\/\/sectores.export.com.gt\/acuicultura-y-pesca\">Acuicultura y Pesca<\/a> \/\n                                    <span style=\"padding: 0px 10px;\">Otros servicios institucionales<\/span>\/\n                            <\/span>\n        <\/span>\n    <\/div>\n<\/div>\n\t<div class=\"wpb_text_column wpb_content_element \" >\n\t\t<div class=\"wpb_wrapper\">\n\t\t\t\n\n\t\t<\/div>\n\t<\/div>\n<\/div><\/div><\/div><\/div><div class=\"vc_row wpb_row vc_row-fluid overall-width justify-self-auto\"><div class=\"wpb_column vc_column_container vc_col-sm-12\"><div class=\"vc_column-inner\"><div class=\"wpb_wrapper\">\n\t<div class=\"wpb_text_column wpb_content_element \" >\n\t\t<div class=\"wpb_wrapper\">\n\t\t\t<h2 style=\"text-align: center;\">Servicios para el desarrollo del exportador<\/h2>\n\n\t\t<\/div>\n\t<\/div>\n<div class=\"vc_row wpb_row vc_inner vc_row-fluid\"><div class=\"wpb_column vc_column_container vc_col-sm-12\"><div class=\"vc_column-inner\"><div class=\"wpb_wrapper\">\n\t<div class=\"wpb_text_column wpb_content_element \" >\n\t\t<div class=\"wpb_wrapper\">\n\t\t\t<p>Simposio de Acuicultura en Guatemala. El objetivo del Simposio es compartir con el mundo los avances y logros alcanzados en la industria de acuicultura de Guatemala, as\u00ed como conocer los desaf\u00edos y tendencias de otras regiones.<\/p>\n\n\t\t<\/div>\n\t<\/div>\n<\/div><\/div><\/div><\/div><\/div><\/div><\/div><\/div><div class=\"vc_row wpb_row vc_row-fluid overall-width justify-self-auto\"><div class=\"wpb_column vc_column_container vc_col-sm-12\"><div class=\"vc_column-inner\"><div class=\"wpb_wrapper\"><div class=\"vc_empty_space\"   style=\"height: 50px\"><span class=\"vc_empty_space_inner\"><\/span><\/div><\/div><\/div><\/div><\/div><div class=\"vc_row wpb_row vc_row-fluid overall-width justify-self-auto\"><div class=\"wpb_column vc_column_container vc_col-sm-6\"><div class=\"vc_column-inner\"><div class=\"wpb_wrapper\">\n\t<div class=\"wpb_text_column wpb_content_element \" >\n\t\t<div class=\"wpb_wrapper\">\n\t\t\t<h2>Plataformas y servicios para la generaci\u00f3n de negocios internacionales<\/h2>\n\n\t\t<\/div>\n\t<\/div>\n<\/div><\/div><\/div><div class=\"wpb_column vc_column_container vc_col-sm-6\"><div class=\"vc_column-inner\"><div class=\"wpb_wrapper\"><\/div><\/div><\/div><\/div><div class=\"vc_row wpb_row vc_row-fluid overall-width justify-self-auto card-logo-centrado vc_row-o-equal-height vc_row-flex\"><div class=\"wpb_column vc_column_container vc_col-sm-6\"><div class=\"vc_column-inner\"><div class=\"wpb_wrapper\"><div class=\"vc_row wpb_row vc_inner vc_row-fluid\"><div class=\"wpb_column vc_column_container vc_col-sm-3\"><div class=\"vc_column-inner\"><div class=\"wpb_wrapper\"><div class=\"vc_icon_element vc_icon_element-outer vc_icon_element-align-left\"><div class=\"vc_icon_element-inner vc_icon_element-color-custom vc_icon_element-size-md vc_icon_element-style- vc_icon_element-background-color-grey\" ><span class=\"vc_icon_element-icon fas fa-store\" style=\"color:#3c6ba5 !important\"><\/span><\/div><\/div><\/div><\/div><\/div><div class=\"wpb_column vc_column_container vc_col-sm-9\"><div class=\"vc_column-inner\"><div class=\"wpb_wrapper\">\n\t<div class=\"wpb_text_column wpb_content_element \" >\n\t\t<div class=\"wpb_wrapper\">\n\t\t\t<h3>Ferias Comerciales<\/h3>\n\n\t\t<\/div>\n\t<\/div>\n<div class=\"vc_btn3-container vc_btn3-inline vc_custom_1654808087315\" ><a style=\"background-color:#3c6ba5; color:#ffffff;\" class=\"vc_general vc_btn3 vc_btn3-size-sm vc_btn3-shape-rounded vc_btn3-style-custom\" href=\"https:\/\/cbm.export.com.gt\" title=\"M\u00e1s informaci\u00f3n\" target=\"_blank\">M\u00e1s informaci\u00f3n<\/a><\/div><\/div><\/div><\/div><\/div><\/div><\/div><\/div><div class=\"wpb_column vc_column_container vc_col-sm-6\"><div class=\"vc_column-inner\"><div class=\"wpb_wrapper\"><\/div><\/div><\/div><\/div><div class=\"vc_row wpb_row vc_row-fluid overall-width justify-self-auto\"><div class=\"wpb_column vc_column_container vc_col-sm-12\"><div class=\"vc_column-inner\"><div class=\"wpb_wrapper\"><div class=\"vc_empty_space\"   style=\"height: 50px\"><span class=\"vc_empty_space_inner\"><\/span><\/div>\n\t<div class=\"wpb_text_column wpb_content_element \" >\n\t\t<div class=\"wpb_wrapper\">\n\t\t\t<h2 style=\"text-align: center;\">Plataformas y servicios relacionadas<\/h2>\n\n\t\t<\/div>\n\t<\/div>\n<\/div><\/div><\/div><\/div><div class=\"vc_row wpb_row vc_row-fluid\"><div class=\"wpb_column vc_column_container vc_col-sm-1\"><div class=\"vc_column-inner\"><div class=\"wpb_wrapper\"><\/div><\/div><\/div><div class=\"wpb_column vc_column_container vc_col-sm-10\"><div class=\"vc_column-inner\"><div class=\"wpb_wrapper\">\t\t<section class=\"tdt-slider slider carrusel-servicios content-over-slider\" id=\"tdt-slider-229\" data-mobiles=\"1\" data-tabs=\"2\" data-scrolltab=\"1\" data-scrollmbl=\"1\" data-slick='{\"arrows\": true, \"autoplaySpeed\": 1500, \"speed\": 500, \"dots\": false, \"autoplay\": true, \"infinite\": true, \"adaptiveHeight\": true, \"pauseOnHover\": true, \"slidesToShow\": 4, \"slidesToScroll\": 1, \"fade\": false}'>\r\n\t\t    <div class=\"carousel-caption\" style=\"background: none;\">\r\n\t\t  <div>\r\n\t\t  \t\t\t  \t\t<a class=\"\" href=\"https:\/\/directorio.export.com.gt\/\" target=\"_blank\" title=\"\" data-slide=\"false\" >\r\n\t\t\t\t\t\t\t\t\t  \t<img decoding=\"async\" data-src=\"https:\/\/sectores.export.com.gt\/acuicultura-y-pesca\/wp-content\/uploads\/sites\/24\/2022\/06\/Directorio-de-Exportadores.png\" alt=\"\" class=\"ultimate-slide-img lazyload\" style=\"--smush-placeholder-width: 204px; --smush-placeholder-aspect-ratio: 204\/63;max-width: 100%; width: ; height: ; border-radius: ; margin-bottom: 15px;\" src=\"data:image\/svg+xml;base64,PHN2ZyB3aWR0aD0iMSIgaGVpZ2h0PSIxIiB4bWxucz0iaHR0cDovL3d3dy53My5vcmcvMjAwMC9zdmciPjwvc3ZnPg==\">\r\n\t\t\t\t\t\t\t\t\t\t<\/a>\r\n\t\t\t\t\t  \t<span class=\"content-section\" style=\"text-align: center; display: block;\">\r\n\t\t  \t\t\t\t\t  \t\t\t\t  \t\r\n\t\t\t  \t<br>\r\n\r\n\t\t\t  \t\t\t  \t<\/span>\r\n\t\t  <\/div>\r\n\t\t<\/div>\r\n\t\t\t\t<div class=\"carousel-caption\" style=\"background: none;\">\r\n\t\t  <div>\r\n\t\t  \t\t\t  \t\t<a class=\"\" href=\"https:\/\/observatorio.competitividad.gt\/\" target=\"_blank\" title=\"\" data-slide=\"false\" >\r\n\t\t\t\t\t\t\t\t\t  \t<img decoding=\"async\" data-src=\"https:\/\/sectores.export.com.gt\/acuicultura-y-pesca\/wp-content\/uploads\/sites\/24\/2022\/06\/Centro-de-Competitividad.png\" alt=\"\" class=\"ultimate-slide-img lazyload\" style=\"--smush-placeholder-width: 204px; --smush-placeholder-aspect-ratio: 204\/66;max-width: 100%; width: ; height: ; border-radius: ; margin-bottom: 15px;\" src=\"data:image\/svg+xml;base64,PHN2ZyB3aWR0aD0iMSIgaGVpZ2h0PSIxIiB4bWxucz0iaHR0cDovL3d3dy53My5vcmcvMjAwMC9zdmciPjwvc3ZnPg==\">\r\n\t\t\t\t\t\t\t\t\t\t<\/a>\r\n\t\t\t\t\t  \t<span class=\"content-section\" style=\"text-align: center; display: block;\">\r\n\t\t  \t\t\t\t\t  \t\t\t\t  \t\r\n\t\t\t  \t<br>\r\n\r\n\t\t\t  \t\t\t  \t<\/span>\r\n\t\t  <\/div>\r\n\t\t<\/div>\r\n\t\t\t\t<div class=\"carousel-caption\" style=\"background: none;\">\r\n\t\t  <div>\r\n\t\t  \t\t\t  \t\t<a class=\"\" href=\"https:\/\/www.export.com.gt\/calendario\" target=\"_blank\" title=\"\" data-slide=\"false\" >\r\n\t\t\t\t\t\t\t\t\t  \t<img decoding=\"async\" data-src=\"https:\/\/sectores.export.com.gt\/acuicultura-y-pesca\/wp-content\/uploads\/sites\/24\/2022\/06\/Calendario-de-Eventos.png\" alt=\"\" class=\"ultimate-slide-img lazyload\" style=\"--smush-placeholder-width: 212px; --smush-placeholder-aspect-ratio: 212\/65;max-width: 100%; width: ; height: ; border-radius: ; margin-bottom: 15px;\" src=\"data:image\/svg+xml;base64,PHN2ZyB3aWR0aD0iMSIgaGVpZ2h0PSIxIiB4bWxucz0iaHR0cDovL3d3dy53My5vcmcvMjAwMC9zdmciPjwvc3ZnPg==\">\r\n\t\t\t\t\t\t\t\t\t\t<\/a>\r\n\t\t\t\t\t  \t<span class=\"content-section\" style=\"text-align: center; display: block;\">\r\n\t\t  \t\t\t\t\t  \t\t\t\t  \t\r\n\t\t\t  \t<br>\r\n\r\n\t\t\t  \t\t\t  \t<\/span>\r\n\t\t  <\/div>\r\n\t\t<\/div>\r\n\t\t\t\t<div class=\"carousel-caption\" style=\"background: none;\">\r\n\t\t  <div>\r\n\t\t  \t\t\t  \t\t<a class=\"\" href=\"https:\/\/www.export.com.gt\/covid-19\/\" target=\"_blank\" title=\"\" data-slide=\"false\" >\r\n\t\t\t\t\t\t\t\t\t  \t<img decoding=\"async\" data-src=\"https:\/\/sectores.export.com.gt\/acuicultura-y-pesca\/wp-content\/uploads\/sites\/24\/2022\/06\/Iniciativa-COVID-19-1.png\" alt=\"\" class=\"ultimate-slide-img lazyload\" style=\"--smush-placeholder-width: 204px; --smush-placeholder-aspect-ratio: 204\/63;max-width: 100%; width: ; height: ; border-radius: ; margin-bottom: 15px;\" src=\"data:image\/svg+xml;base64,PHN2ZyB3aWR0aD0iMSIgaGVpZ2h0PSIxIiB4bWxucz0iaHR0cDovL3d3dy53My5vcmcvMjAwMC9zdmciPjwvc3ZnPg==\">\r\n\t\t\t\t\t\t\t\t\t\t<\/a>\r\n\t\t\t\t\t  \t<span class=\"content-section\" style=\"text-align: center; display: block;\">\r\n\t\t  \t\t\t\t\t  \t\t\t\t  \t\r\n\t\t\t  \t<br>\r\n\r\n\t\t\t  \t\t\t  \t<\/span>\r\n\t\t  <\/div>\r\n\t\t<\/div>\r\n\t\t\t\t<div class=\"carousel-caption\" style=\"background: none;\">\r\n\t\t  <div>\r\n\t\t  \t\t\t  \t\t<a class=\"\" href=\"https:\/\/www.export.com.gt\/servicios\" target=\"_blank\" title=\"\" data-slide=\"false\" >\r\n\t\t\t\t\t\t\t\t\t  \t<img decoding=\"async\" data-src=\"https:\/\/sectores.export.com.gt\/acuicultura-y-pesca\/wp-content\/uploads\/sites\/24\/2022\/06\/Servicios-para-empresarios-1.png\" alt=\"\" class=\"ultimate-slide-img lazyload\" style=\"--smush-placeholder-width: 204px; --smush-placeholder-aspect-ratio: 204\/66;max-width: 100%; width: ; height: ; border-radius: ; margin-bottom: 15px;\" src=\"data:image\/svg+xml;base64,PHN2ZyB3aWR0aD0iMSIgaGVpZ2h0PSIxIiB4bWxucz0iaHR0cDovL3d3dy53My5vcmcvMjAwMC9zdmciPjwvc3ZnPg==\">\r\n\t\t\t\t\t\t\t\t\t\t<\/a>\r\n\t\t\t\t\t  \t<span class=\"content-section\" style=\"text-align: center; display: block;\">\r\n\t\t  \t\t\t\t\t  \t\t\t\t  \t\r\n\t\t\t  \t<br>\r\n\r\n\t\t\t  \t\t\t  \t<\/span>\r\n\t\t  <\/div>\r\n\t\t<\/div>\n\t\t<\/section>\r\n\r\n\t\t<style>\r\n\t\t\t\t\t\t\t\t\t\t#tdt-slider-229 .slick-next:before, #tdt-slider-229 .slick-prev:before {\r\n\t\t\t\t\tcolor: #000000 !important;\r\n\t\t\t\t\tbackground:  !important;\r\n\t\t\t\t\tfont-size: 30px !important;\r\n\t\t\t\t}\r\n\t\t\t\t#tdt-slider-229 .slick-prev {\r\n\t\t\t\t\tleft: 1px !important;\r\n\t\t\t\t}\r\n\t\t\t\t#tdt-slider-229 .slick-next {\r\n\t\t\t\t\tright: 1px !important;\r\n\t\t\t\t}\r\n\t\t\t\t\t\t#tdt-slider-229 .slick-slide {\r\n\t\t\t\tpadding: 0 0px 15px 0px !important;\r\n\t\t\t}\r\n\t\t\t#tdt-slider-229 .content-section *{\r\n\t\t\t\t;\r\n\t\t\t}\r\n\t\t\t\t\t\t\t#tdt-slider-229.content-over-slider .slick-slide .content-section {\r\n\t\t\t\t\ttop: 15%;\r\n\t\t\t\t}\r\n\t\t\t\t@media only screen and (max-width: 480px) {\r\n\t\t\t\t\t#tdt-slider-229.content-over-slider .slick-slide .content-section {\r\n\t\t\t\t\t\ttop: 35px !important;\r\n\t\t\t\t\t}\r\n\t\t\t\t\t#tdt-slider-229.content-over-slider .ultimate-slide-img {\r\n\t\t\t\t\t\theight:  !important;\r\n\t\t\t\t\t}\r\n\t\t\t\t}\r\n\t\t\t\t\t<\/style>\r\n\t\t<\/div><\/div><\/div><div class=\"wpb_column vc_column_container vc_col-sm-1\"><div class=\"vc_column-inner\"><div class=\"wpb_wrapper\"><\/div><\/div><\/div><\/div>\n","protected":false},"excerpt":{"rendered":"Servicios para exportar Accede a toda la informaci\u00f3n de exportaci\u00f3n sobre tu industria BRAIN es un sistema inteligente de informaci\u00f3n que tiene como objetivo acercar informaci\u00f3n de valor generada en AGEXPORT a los exportadores Guatemaltecos. Ingrese aqu\u00ed Inicio \/ Acuicultura y Pesca \/ Otros servicios institucionales\/ Servicios para el desarrollo del exportador Simposio de Acuicultura [...]","protected":false},"author":1,"featured_media":0,"parent":0,"menu_order":0,"comment_status":"closed","ping_status":"closed","template":"","meta":{"_acf_changed":false,"ngg_post_thumbnail":0,"footnotes":""},"class_list":["post-595","page","type-page","status-publish","hentry"],"acf":[],"yoast_head":"<!-- This site is optimized with the Yoast SEO plugin v25.6 - https:\/\/yoast.com\/wordpress\/plugins\/seo\/ -->\n<title>Otros servicios institucionales - Acuicultura y Pesca<\/title>\n<meta name=\"robots\" content=\"index, follow, max-snippet:-1, max-image-preview:large, max-video-preview:-1\" \/>\n<link rel=\"canonical\" href=\"https:\/\/sectores.export.com.gt\/acuicultura-y-pesca\/otros-servicios-institucionales\/\" \/>\n<meta property=\"og:locale\" content=\"es_ES\" \/>\n<meta property=\"og:type\" content=\"article\" \/>\n<meta property=\"og:title\" content=\"Otros servicios institucionales - Acuicultura y Pesca\" \/>\n<meta property=\"og:url\" content=\"https:\/\/sectores.export.com.gt\/acuicultura-y-pesca\/otros-servicios-institucionales\/\" \/>\n<meta property=\"og:site_name\" content=\"Acuicultura y Pesca\" \/>\n<meta property=\"article:modified_time\" content=\"2023-08-04T17:37:07+00:00\" \/>\n<meta name=\"twitter:card\" content=\"summary_large_image\" \/>\n<meta name=\"twitter:label1\" content=\"Est. reading time\" \/>\n\t<meta name=\"twitter:data1\" content=\"1 minuto\" \/>\n<script type=\"application\/ld+json\" class=\"yoast-schema-graph\">{\"@context\":\"https:\/\/schema.org\",\"@graph\":[{\"@type\":\"WebPage\",\"@id\":\"https:\/\/sectores.export.com.gt\/acuicultura-y-pesca\/otros-servicios-institucionales\/\",\"url\":\"https:\/\/sectores.export.com.gt\/acuicultura-y-pesca\/otros-servicios-institucionales\/\",\"name\":\"Otros servicios institucionales - Acuicultura y Pesca\",\"isPartOf\":{\"@id\":\"https:\/\/sectores.export.com.gt\/acuicultura-y-pesca\/#website\"},\"datePublished\":\"2023-02-09T00:01:54+00:00\",\"dateModified\":\"2023-08-04T17:37:07+00:00\",\"breadcrumb\":{\"@id\":\"https:\/\/sectores.export.com.gt\/acuicultura-y-pesca\/otros-servicios-institucionales\/#breadcrumb\"},\"inLanguage\":\"es\",\"potentialAction\":[{\"@type\":\"ReadAction\",\"target\":[\"https:\/\/sectores.export.com.gt\/acuicultura-y-pesca\/otros-servicios-institucionales\/\"]}]},{\"@type\":\"BreadcrumbList\",\"@id\":\"https:\/\/sectores.export.com.gt\/acuicultura-y-pesca\/otros-servicios-institucionales\/#breadcrumb\",\"itemListElement\":[{\"@type\":\"ListItem\",\"position\":1,\"name\":\"Home\",\"item\":\"https:\/\/sectores.export.com.gt\/acuicultura-y-pesca\/\"},{\"@type\":\"ListItem\",\"position\":2,\"name\":\"Otros servicios institucionales\"}]},{\"@type\":\"WebSite\",\"@id\":\"https:\/\/sectores.export.com.gt\/acuicultura-y-pesca\/#website\",\"url\":\"https:\/\/sectores.export.com.gt\/acuicultura-y-pesca\/\",\"name\":\"Acuicultura y Pesca\",\"description\":\"Acuicultura y Pesca\",\"potentialAction\":[{\"@type\":\"SearchAction\",\"target\":{\"@type\":\"EntryPoint\",\"urlTemplate\":\"https:\/\/sectores.export.com.gt\/acuicultura-y-pesca\/?s={search_term_string}\"},\"query-input\":{\"@type\":\"PropertyValueSpecification\",\"valueRequired\":true,\"valueName\":\"search_term_string\"}}],\"inLanguage\":\"es\"}]}<\/script>\n<!-- \/ Yoast SEO plugin. -->","yoast_head_json":{"title":"Otros servicios institucionales - Acuicultura y Pesca","robots":{"index":"index","follow":"follow","max-snippet":"max-snippet:-1","max-image-preview":"max-image-preview:large","max-video-preview":"max-video-preview:-1"},"canonical":"https:\/\/sectores.export.com.gt\/acuicultura-y-pesca\/otros-servicios-institucionales\/","og_locale":"es_ES","og_type":"article","og_title":"Otros servicios institucionales - Acuicultura y Pesca","og_url":"https:\/\/sectores.export.com.gt\/acuicultura-y-pesca\/otros-servicios-institucionales\/","og_site_name":"Acuicultura y Pesca","article_modified_time":"2023-08-04T17:37:07+00:00","twitter_card":"summary_large_image","twitter_misc":{"Est. reading time":"1 minuto"},"schema":{"@context":"https:\/\/schema.org","@graph":[{"@type":"WebPage","@id":"https:\/\/sectores.export.com.gt\/acuicultura-y-pesca\/otros-servicios-institucionales\/","url":"https:\/\/sectores.export.com.gt\/acuicultura-y-pesca\/otros-servicios-institucionales\/","name":"Otros servicios institucionales - Acuicultura y Pesca","isPartOf":{"@id":"https:\/\/sectores.export.com.gt\/acuicultura-y-pesca\/#website"},"datePublished":"2023-02-09T00:01:54+00:00","dateModified":"2023-08-04T17:37:07+00:00","breadcrumb":{"@id":"https:\/\/sectores.export.com.gt\/acuicultura-y-pesca\/otros-servicios-institucionales\/#breadcrumb"},"inLanguage":"es","potentialAction":[{"@type":"ReadAction","target":["https:\/\/sectores.export.com.gt\/acuicultura-y-pesca\/otros-servicios-institucionales\/"]}]},{"@type":"BreadcrumbList","@id":"https:\/\/sectores.export.com.gt\/acuicultura-y-pesca\/otros-servicios-institucionales\/#breadcrumb","itemListElement":[{"@type":"ListItem","position":1,"name":"Home","item":"https:\/\/sectores.export.com.gt\/acuicultura-y-pesca\/"},{"@type":"ListItem","position":2,"name":"Otros servicios institucionales"}]},{"@type":"WebSite","@id":"https:\/\/sectores.export.com.gt\/acuicultura-y-pesca\/#website","url":"https:\/\/sectores.export.com.gt\/acuicultura-y-pesca\/","name":"Acuicultura y Pesca","description":"Acuicultura y Pesca","potentialAction":[{"@type":"SearchAction","target":{"@type":"EntryPoint","urlTemplate":"https:\/\/sectores.export.com.gt\/acuicultura-y-pesca\/?s={search_term_string}"},"query-input":{"@type":"PropertyValueSpecification","valueRequired":true,"valueName":"search_term_string"}}],"inLanguage":"es"}]}},"_links":{"self":[{"href":"https:\/\/sectores.export.com.gt\/acuicultura-y-pesca\/wp-json\/wp\/v2\/pages\/595","targetHints":{"allow":["GET"]}}],"collection":[{"href":"https:\/\/sectores.export.com.gt\/acuicultura-y-pesca\/wp-json\/wp\/v2\/pages"}],"about":[{"href":"https:\/\/sectores.export.com.gt\/acuicultura-y-pesca\/wp-json\/wp\/v2\/types\/page"}],"author":[{"embeddable":true,"href":"https:\/\/sectores.export.com.gt\/acuicultura-y-pesca\/wp-json\/wp\/v2\/users\/1"}],"replies":[{"embeddable":true,"href":"https:\/\/sectores.export.com.gt\/acuicultura-y-pesca\/wp-json\/wp\/v2\/comments?post=595"}],"version-history":[{"count":6,"href":"https:\/\/sectores.export.com.gt\/acuicultura-y-pesca\/wp-json\/wp\/v2\/pages\/595\/revisions"}],"predecessor-version":[{"id":1351,"href":"https:\/\/sectores.export.com.gt\/acuicultura-y-pesca\/wp-json\/wp\/v2\/pages\/595\/revisions\/1351"}],"wp:attachment":[{"href":"https:\/\/sectores.export.com.gt\/acuicultura-y-pesca\/wp-json\/wp\/v2\/media?parent=595"}],"curies":[{"name":"wp","href":"https:\/\/api.w.org\/{rel}","templated":true}]}}