{"id":28,"date":"2022-05-10T01:09:06","date_gmt":"2022-05-10T01:09:06","guid":{"rendered":"https:\/\/sectores.export.com.gt\/servicios\/?page_id=28"},"modified":"2023-03-10T20:21:40","modified_gmt":"2023-03-10T20:21:40","slug":"contactenos","status":"publish","type":"page","link":"https:\/\/sectores.export.com.gt\/acuicultura-y-pesca\/contactenos\/","title":{"rendered":"Cont\u00e1ctenos"},"content":{"rendered":"<div class=\"vc_row wpb_row vc_row-fluid\"><div class=\"wpb_column vc_column_container vc_col-sm-12\"><div class=\"vc_column-inner\"><div class=\"wpb_wrapper\">\n\t\t\t<!-- START Asociate con nosotros REVOLUTION SLIDER 6.3.6 --><p class=\"rs-p-wp-fix\"><\/p>\n\t\t\t<rs-module-wrap id=\"rev_slider_1_1_wrapper\" data-source=\"gallery\" style=\"background:transparent;padding:0;margin:0px auto;margin-top:0;margin-bottom:0;\">\n\t\t\t\t<rs-module id=\"rev_slider_1_1\" style=\"\" data-version=\"6.3.6\">\n\t\t\t\t\t<rs-slides>\n\t\t\t\t\t\t<rs-slide data-key=\"rs-1\" data-title=\"Slide\" data-anim=\"ei:d;eo:d;s:1000;r:0;t:fade;sl:0;\">\n\t\t\t\t\t\t\t<img decoding=\"async\" data-src=\"\/\/sectores.export.com.gt\/acuicultura-y-pesca\/wp-content\/uploads\/sites\/24\/2022\/06\/1-Sobre-nosotros-fondo.jpg\" title=\"Fondo Azul\" width=\"1443\" height=\"270\" class=\"rev-slidebg lazyload\" data-no-retina src=\"data:image\/svg+xml;base64,PHN2ZyB3aWR0aD0iMSIgaGVpZ2h0PSIxIiB4bWxucz0iaHR0cDovL3d3dy53My5vcmcvMjAwMC9zdmciPjwvc3ZnPg==\" style=\"--smush-placeholder-width: 1443px; --smush-placeholder-aspect-ratio: 1443\/270;\">\n<!--\n\t\t\t\t\t\t\t--><h1\n\t\t\t\t\t\t\t\tid=\"slider-1-slide-1-layer-0\" \n\t\t\t\t\t\t\t\tclass=\"rs-layer\"\n\t\t\t\t\t\t\t\tdata-type=\"text\"\n\t\t\t\t\t\t\t\tdata-color=\"#ffffff\"\n\t\t\t\t\t\t\t\tdata-rsp_ch=\"on\"\n\t\t\t\t\t\t\t\tdata-xy=\"x:c;y:117px;\"\n\t\t\t\t\t\t\t\tdata-text=\"w:normal;s:45;l:31;fw:800;\"\n\t\t\t\t\t\t\t\tdata-frame_999=\"o:0;st:w;\"\n\t\t\t\t\t\t\t\tstyle=\"z-index:5;font-family:Jost;\"\n\t\t\t\t\t\t\t>Cont\u00e1ctenos \n\t\t\t\t\t\t\t<\/h1><!--\n-->\t\t\t\t\t\t<\/rs-slide>\n\t\t\t\t\t<\/rs-slides>\n\t\t\t\t<\/rs-module>\n\t\t\t<\/rs-module-wrap>\n\t\t\t<!-- END REVOLUTION SLIDER -->\n<\/div><\/div><\/div><\/div><div class=\"vc_row wpb_row vc_row-fluid overall-width justify-self-auto\"><div class=\"wpb_column vc_column_container vc_col-sm-12\"><div class=\"vc_column-inner\"><div class=\"wpb_wrapper\"><div id='breadcrumb' class=\"w-full mt-12\">\n    <div class=\"flex items-center w-full bg-header-light rounded px-2\">\n        <a href=\"#\">\n            <ion-icon name=\"home-sharp\" class=\"w-3.5 h-3.5 text-body-grey-02\"><\/ion-icon>\n        <\/a>\n        <span class=\"font-assistant font-normal text-base\">\n            <span class=\"breadcrumb-options-additionals\">\n                                <a href=\"https:\/\/sectores.export.com.gt\/acuicultura-y-pesca\">Inicio<\/a> \/ \n                <a href=\"https:\/\/sectores.export.com.gt\/acuicultura-y-pesca\">Acuicultura y Pesca<\/a> \/\n                                    <span style=\"padding: 0px 10px;\">Cont\u00e1ctenos<\/span>\/\n                            <\/span>\n        <\/span>\n    <\/div>\n<\/div>\n\t<div class=\"wpb_text_column wpb_content_element \" >\n\t\t<div class=\"wpb_wrapper\">\n\t\t\t\n\n\t\t<\/div>\n\t<\/div>\n<\/div><\/div><\/div><\/div><div class=\"vc_row wpb_row vc_row-fluid overall-width justify-self-auto vc_custom_1654809686127\"><div class=\"wpb_column vc_column_container vc_col-sm-12\"><div class=\"vc_column-inner\"><div class=\"wpb_wrapper\">\n\t<div class=\"wpb_text_column wpb_content_element \" >\n\t\t<div class=\"wpb_wrapper\">\n\t\t\t<h1 class=\"movil-tcenter\">Cont\u00e1ctenos<\/h1>\n\n\t\t<\/div>\n\t<\/div>\n\n\t<div class=\"wpb_text_column wpb_content_element \" >\n\t\t<div class=\"wpb_wrapper\">\n\t\t\t<p>Gracias por su inter\u00e9s, su consulta ser\u00e1 atendida por nuestra secci\u00f3n de servicio al Cliente en AGEXPORT, quienes buscar\u00e1n resolver su solicitud o vincularlo con el \u00e1rea de su inter\u00e9s.<\/p>\n\n\t\t<\/div>\n\t<\/div>\n<\/div><\/div><\/div><\/div><div class=\"vc_row wpb_row vc_row-fluid overall-width justify-self-auto vc_custom_1652911820463\"><div class=\"wpb_column vc_column_container vc_col-sm-12\"><div class=\"vc_column-inner\"><div class=\"wpb_wrapper\"><div>\n    <\/div>\n\n\t<div class=\"wpb_text_column wpb_content_element \" >\n\t\t<div class=\"wpb_wrapper\">\n\t\t\t\n\n\t\t<\/div>\n\t<\/div>\n<\/div><\/div><\/div><\/div><div class=\"vc_row wpb_row vc_row-fluid overall-width justify-self-auto vc_custom_1654807623697\"><div class=\"wpb_column vc_column_container vc_col-sm-12\"><div class=\"vc_column-inner\"><div class=\"wpb_wrapper\">\n\t<div class=\"wpb_text_column wpb_content_element \" >\n\t\t<div class=\"wpb_wrapper\">\n\t\t\t<h2 style=\"text-align: center;\">Plataformas y servicios relacionados<\/h2>\n\n\t\t<\/div>\n\t<\/div>\n<\/div><\/div><\/div><\/div><div class=\"vc_row wpb_row vc_row-fluid\"><div class=\"wpb_column vc_column_container vc_col-sm-1\"><div class=\"vc_column-inner\"><div class=\"wpb_wrapper\"><\/div><\/div><\/div><div class=\"wpb_column vc_column_container vc_col-sm-10\"><div class=\"vc_column-inner\"><div class=\"wpb_wrapper\">\t\t<section class=\"tdt-slider slider carrusel-servicios content-over-slider\" id=\"tdt-slider-447\" data-mobiles=\"1\" data-tabs=\"2\" data-scrolltab=\"1\" data-scrollmbl=\"1\" data-slick='{\"arrows\": true, \"autoplaySpeed\": 1500, \"speed\": 500, \"dots\": false, \"autoplay\": true, \"infinite\": true, \"adaptiveHeight\": true, \"pauseOnHover\": true, \"slidesToShow\": 4, \"slidesToScroll\": 1, \"fade\": false}'>\r\n\t\t    <div class=\"carousel-caption\" style=\"background: none;\">\r\n\t\t  <div>\r\n\t\t  \t\t\t  \t\t<a class=\"\" href=\"https:\/\/directorio.export.com.gt\/\" target=\"_blank\" title=\"\" data-slide=\"false\" >\r\n\t\t\t\t\t\t\t\t\t  \t<img decoding=\"async\" data-src=\"https:\/\/sectores.export.com.gt\/acuicultura-y-pesca\/wp-content\/uploads\/sites\/24\/2022\/06\/Directorio-de-Exportadores.png\" alt=\"\" class=\"ultimate-slide-img lazyload\" style=\"--smush-placeholder-width: 204px; --smush-placeholder-aspect-ratio: 204\/63;max-width: 100%; width: ; height: ; border-radius: ; margin-bottom: 15px;\" src=\"data:image\/svg+xml;base64,PHN2ZyB3aWR0aD0iMSIgaGVpZ2h0PSIxIiB4bWxucz0iaHR0cDovL3d3dy53My5vcmcvMjAwMC9zdmciPjwvc3ZnPg==\">\r\n\t\t\t\t\t\t\t\t\t\t<\/a>\r\n\t\t\t\t\t  \t<span class=\"content-section\" style=\"text-align: center; display: block;\">\r\n\t\t  \t\t\t\t\t  \t\t\t\t  \t\r\n\t\t\t  \t<br>\r\n\r\n\t\t\t  \t\t\t  \t<\/span>\r\n\t\t  <\/div>\r\n\t\t<\/div>\r\n\t\t\t\t<div class=\"carousel-caption\" style=\"background: none;\">\r\n\t\t  <div>\r\n\t\t  \t\t\t  \t\t<a class=\"\" href=\"https:\/\/observatorio.competitividad.gt\/\" target=\"_blank\" title=\"\" data-slide=\"false\" >\r\n\t\t\t\t\t\t\t\t\t  \t<img decoding=\"async\" data-src=\"https:\/\/sectores.export.com.gt\/acuicultura-y-pesca\/wp-content\/uploads\/sites\/24\/2022\/06\/Centro-de-Competitividad.png\" alt=\"\" class=\"ultimate-slide-img lazyload\" style=\"--smush-placeholder-width: 204px; --smush-placeholder-aspect-ratio: 204\/66;max-width: 100%; width: ; height: ; border-radius: ; margin-bottom: 15px;\" src=\"data:image\/svg+xml;base64,PHN2ZyB3aWR0aD0iMSIgaGVpZ2h0PSIxIiB4bWxucz0iaHR0cDovL3d3dy53My5vcmcvMjAwMC9zdmciPjwvc3ZnPg==\">\r\n\t\t\t\t\t\t\t\t\t\t<\/a>\r\n\t\t\t\t\t  \t<span class=\"content-section\" style=\"text-align: center; display: block;\">\r\n\t\t  \t\t\t\t\t  \t\t\t\t  \t\r\n\t\t\t  \t<br>\r\n\r\n\t\t\t  \t\t\t  \t<\/span>\r\n\t\t  <\/div>\r\n\t\t<\/div>\r\n\t\t\t\t<div class=\"carousel-caption\" style=\"background: none;\">\r\n\t\t  <div>\r\n\t\t  \t\t\t  \t\t<a class=\"\" href=\"https:\/\/www.export.com.gt\/calendario\" target=\"_blank\" title=\"\" data-slide=\"false\" >\r\n\t\t\t\t\t\t\t\t\t  \t<img decoding=\"async\" data-src=\"https:\/\/sectores.export.com.gt\/acuicultura-y-pesca\/wp-content\/uploads\/sites\/24\/2022\/06\/Calendario-de-Eventos.png\" alt=\"\" class=\"ultimate-slide-img lazyload\" style=\"--smush-placeholder-width: 212px; --smush-placeholder-aspect-ratio: 212\/65;max-width: 100%; width: ; height: ; border-radius: ; margin-bottom: 15px;\" src=\"data:image\/svg+xml;base64,PHN2ZyB3aWR0aD0iMSIgaGVpZ2h0PSIxIiB4bWxucz0iaHR0cDovL3d3dy53My5vcmcvMjAwMC9zdmciPjwvc3ZnPg==\">\r\n\t\t\t\t\t\t\t\t\t\t<\/a>\r\n\t\t\t\t\t  \t<span class=\"content-section\" style=\"text-align: center; display: block;\">\r\n\t\t  \t\t\t\t\t  \t\t\t\t  \t\r\n\t\t\t  \t<br>\r\n\r\n\t\t\t  \t\t\t  \t<\/span>\r\n\t\t  <\/div>\r\n\t\t<\/div>\r\n\t\t\t\t<div class=\"carousel-caption\" style=\"background: none;\">\r\n\t\t  <div>\r\n\t\t  \t\t\t  \t\t<a class=\"\" href=\"https:\/\/www.export.com.gt\/covid-19\/\" target=\"_blank\" title=\"\" data-slide=\"false\" >\r\n\t\t\t\t\t\t\t\t\t  \t<img decoding=\"async\" data-src=\"https:\/\/sectores.export.com.gt\/acuicultura-y-pesca\/wp-content\/uploads\/sites\/24\/2022\/06\/Iniciativa-COVID-19-1.png\" alt=\"\" class=\"ultimate-slide-img lazyload\" style=\"--smush-placeholder-width: 204px; --smush-placeholder-aspect-ratio: 204\/63;max-width: 100%; width: ; height: ; border-radius: ; margin-bottom: 15px;\" src=\"data:image\/svg+xml;base64,PHN2ZyB3aWR0aD0iMSIgaGVpZ2h0PSIxIiB4bWxucz0iaHR0cDovL3d3dy53My5vcmcvMjAwMC9zdmciPjwvc3ZnPg==\">\r\n\t\t\t\t\t\t\t\t\t\t<\/a>\r\n\t\t\t\t\t  \t<span class=\"content-section\" style=\"text-align: center; display: block;\">\r\n\t\t  \t\t\t\t\t  \t\t\t\t  \t\r\n\t\t\t  \t<br>\r\n\r\n\t\t\t  \t\t\t  \t<\/span>\r\n\t\t  <\/div>\r\n\t\t<\/div>\r\n\t\t\t\t<div class=\"carousel-caption\" style=\"background: none;\">\r\n\t\t  <div>\r\n\t\t  \t\t\t  \t\t<a class=\"\" href=\"https:\/\/www.export.com.gt\/servicios\" target=\"_blank\" title=\"\" data-slide=\"false\" >\r\n\t\t\t\t\t\t\t\t\t  \t<img decoding=\"async\" data-src=\"https:\/\/sectores.export.com.gt\/acuicultura-y-pesca\/wp-content\/uploads\/sites\/24\/2022\/06\/Servicios-para-empresarios-1.png\" alt=\"\" class=\"ultimate-slide-img lazyload\" style=\"--smush-placeholder-width: 204px; --smush-placeholder-aspect-ratio: 204\/66;max-width: 100%; width: ; height: ; border-radius: ; margin-bottom: 15px;\" src=\"data:image\/svg+xml;base64,PHN2ZyB3aWR0aD0iMSIgaGVpZ2h0PSIxIiB4bWxucz0iaHR0cDovL3d3dy53My5vcmcvMjAwMC9zdmciPjwvc3ZnPg==\">\r\n\t\t\t\t\t\t\t\t\t\t<\/a>\r\n\t\t\t\t\t  \t<span class=\"content-section\" style=\"text-align: center; display: block;\">\r\n\t\t  \t\t\t\t\t  \t\t\t\t  \t\r\n\t\t\t  \t<br>\r\n\r\n\t\t\t  \t\t\t  \t<\/span>\r\n\t\t  <\/div>\r\n\t\t<\/div>\n\t\t<\/section>\r\n\r\n\t\t<style>\r\n\t\t\t\t\t\t\t\t\t\t#tdt-slider-447 .slick-next:before, #tdt-slider-447 .slick-prev:before {\r\n\t\t\t\t\tcolor: #000000 !important;\r\n\t\t\t\t\tbackground:  !important;\r\n\t\t\t\t\tfont-size: 30px !important;\r\n\t\t\t\t}\r\n\t\t\t\t#tdt-slider-447 .slick-prev {\r\n\t\t\t\t\tleft: 1px !important;\r\n\t\t\t\t}\r\n\t\t\t\t#tdt-slider-447 .slick-next {\r\n\t\t\t\t\tright: 1px !important;\r\n\t\t\t\t}\r\n\t\t\t\t\t\t#tdt-slider-447 .slick-slide {\r\n\t\t\t\tpadding: 0 0px 15px 0px !important;\r\n\t\t\t}\r\n\t\t\t#tdt-slider-447 .content-section *{\r\n\t\t\t\t;\r\n\t\t\t}\r\n\t\t\t\t\t\t\t#tdt-slider-447.content-over-slider .slick-slide .content-section {\r\n\t\t\t\t\ttop: 15%;\r\n\t\t\t\t}\r\n\t\t\t\t@media only screen and (max-width: 480px) {\r\n\t\t\t\t\t#tdt-slider-447.content-over-slider .slick-slide .content-section {\r\n\t\t\t\t\t\ttop: 35px !important;\r\n\t\t\t\t\t}\r\n\t\t\t\t\t#tdt-slider-447.content-over-slider .ultimate-slide-img {\r\n\t\t\t\t\t\theight:  !important;\r\n\t\t\t\t\t}\r\n\t\t\t\t}\r\n\t\t\t\t\t<\/style>\r\n\t\t<\/div><\/div><\/div><div class=\"wpb_column vc_column_container vc_col-sm-1\"><div class=\"vc_column-inner\"><div class=\"wpb_wrapper\"><\/div><\/div><\/div><\/div>\n","protected":false},"excerpt":{"rendered":"Cont\u00e1ctenos Inicio \/ Acuicultura y Pesca \/ Cont\u00e1ctenos\/ Cont\u00e1ctenos Gracias por su inter\u00e9s, su consulta ser\u00e1 atendida por nuestra secci\u00f3n de servicio al Cliente en AGEXPORT, quienes buscar\u00e1n resolver su solicitud o vincularlo con el \u00e1rea de su inter\u00e9s. Plataformas y servicios relacionados","protected":false},"author":1,"featured_media":0,"parent":0,"menu_order":0,"comment_status":"closed","ping_status":"closed","template":"","meta":{"_acf_changed":false,"ngg_post_thumbnail":0,"footnotes":""},"class_list":["post-28","page","type-page","status-publish","hentry"],"acf":[],"yoast_head":"<!-- This site is optimized with the Yoast SEO plugin v25.6 - https:\/\/yoast.com\/wordpress\/plugins\/seo\/ -->\n<title>Cont\u00e1ctenos<\/title>\n<meta name=\"description\" content=\"Formulario de contacto para obtener m\u00e1s informaci\u00f3n del Sector de Acuicultura y Pesca y sus beneficios\" \/>\n<meta name=\"robots\" content=\"index, follow, max-snippet:-1, max-image-preview:large, max-video-preview:-1\" \/>\n<link rel=\"canonical\" href=\"https:\/\/sectores.export.com.gt\/acuicultura-y-pesca\/contactenos\/\" \/>\n<meta property=\"og:locale\" content=\"es_ES\" \/>\n<meta property=\"og:type\" content=\"article\" \/>\n<meta property=\"og:title\" content=\"Cont\u00e1ctenos\" \/>\n<meta property=\"og:description\" content=\"Formulario de contacto para obtener m\u00e1s informaci\u00f3n del Sector de Acuicultura y Pesca y sus beneficios\" \/>\n<meta property=\"og:url\" content=\"https:\/\/sectores.export.com.gt\/acuicultura-y-pesca\/contactenos\/\" \/>\n<meta property=\"og:site_name\" content=\"Acuicultura y Pesca\" \/>\n<meta property=\"article:modified_time\" content=\"2023-03-10T20:21:40+00:00\" \/>\n<meta name=\"twitter:card\" content=\"summary_large_image\" \/>\n<meta name=\"twitter:label1\" content=\"Est. reading time\" \/>\n\t<meta name=\"twitter:data1\" content=\"2 minutos\" \/>\n<script type=\"application\/ld+json\" class=\"yoast-schema-graph\">{\"@context\":\"https:\/\/schema.org\",\"@graph\":[{\"@type\":\"WebPage\",\"@id\":\"https:\/\/sectores.export.com.gt\/acuicultura-y-pesca\/contactenos\/\",\"url\":\"https:\/\/sectores.export.com.gt\/acuicultura-y-pesca\/contactenos\/\",\"name\":\"Cont\u00e1ctenos\",\"isPartOf\":{\"@id\":\"https:\/\/sectores.export.com.gt\/acuicultura-y-pesca\/#website\"},\"datePublished\":\"2022-05-10T01:09:06+00:00\",\"dateModified\":\"2023-03-10T20:21:40+00:00\",\"description\":\"Formulario de contacto para obtener m\u00e1s informaci\u00f3n del Sector de Acuicultura y Pesca y sus beneficios\",\"breadcrumb\":{\"@id\":\"https:\/\/sectores.export.com.gt\/acuicultura-y-pesca\/contactenos\/#breadcrumb\"},\"inLanguage\":\"es\",\"potentialAction\":[{\"@type\":\"ReadAction\",\"target\":[\"https:\/\/sectores.export.com.gt\/acuicultura-y-pesca\/contactenos\/\"]}]},{\"@type\":\"BreadcrumbList\",\"@id\":\"https:\/\/sectores.export.com.gt\/acuicultura-y-pesca\/contactenos\/#breadcrumb\",\"itemListElement\":[{\"@type\":\"ListItem\",\"position\":1,\"name\":\"Home\",\"item\":\"https:\/\/sectores.export.com.gt\/acuicultura-y-pesca\/\"},{\"@type\":\"ListItem\",\"position\":2,\"name\":\"Cont\u00e1ctenos\"}]},{\"@type\":\"WebSite\",\"@id\":\"https:\/\/sectores.export.com.gt\/acuicultura-y-pesca\/#website\",\"url\":\"https:\/\/sectores.export.com.gt\/acuicultura-y-pesca\/\",\"name\":\"Acuicultura y Pesca\",\"description\":\"Acuicultura y Pesca\",\"potentialAction\":[{\"@type\":\"SearchAction\",\"target\":{\"@type\":\"EntryPoint\",\"urlTemplate\":\"https:\/\/sectores.export.com.gt\/acuicultura-y-pesca\/?s={search_term_string}\"},\"query-input\":{\"@type\":\"PropertyValueSpecification\",\"valueRequired\":true,\"valueName\":\"search_term_string\"}}],\"inLanguage\":\"es\"}]}<\/script>\n<!-- \/ Yoast SEO plugin. -->","yoast_head_json":{"title":"Cont\u00e1ctenos","description":"Formulario de contacto para obtener m\u00e1s informaci\u00f3n del Sector de Acuicultura y Pesca y sus beneficios","robots":{"index":"index","follow":"follow","max-snippet":"max-snippet:-1","max-image-preview":"max-image-preview:large","max-video-preview":"max-video-preview:-1"},"canonical":"https:\/\/sectores.export.com.gt\/acuicultura-y-pesca\/contactenos\/","og_locale":"es_ES","og_type":"article","og_title":"Cont\u00e1ctenos","og_description":"Formulario de contacto para obtener m\u00e1s informaci\u00f3n del Sector de Acuicultura y Pesca y sus beneficios","og_url":"https:\/\/sectores.export.com.gt\/acuicultura-y-pesca\/contactenos\/","og_site_name":"Acuicultura y Pesca","article_modified_time":"2023-03-10T20:21:40+00:00","twitter_card":"summary_large_image","twitter_misc":{"Est. reading time":"2 minutos"},"schema":{"@context":"https:\/\/schema.org","@graph":[{"@type":"WebPage","@id":"https:\/\/sectores.export.com.gt\/acuicultura-y-pesca\/contactenos\/","url":"https:\/\/sectores.export.com.gt\/acuicultura-y-pesca\/contactenos\/","name":"Cont\u00e1ctenos","isPartOf":{"@id":"https:\/\/sectores.export.com.gt\/acuicultura-y-pesca\/#website"},"datePublished":"2022-05-10T01:09:06+00:00","dateModified":"2023-03-10T20:21:40+00:00","description":"Formulario de contacto para obtener m\u00e1s informaci\u00f3n del Sector de Acuicultura y Pesca y sus beneficios","breadcrumb":{"@id":"https:\/\/sectores.export.com.gt\/acuicultura-y-pesca\/contactenos\/#breadcrumb"},"inLanguage":"es","potentialAction":[{"@type":"ReadAction","target":["https:\/\/sectores.export.com.gt\/acuicultura-y-pesca\/contactenos\/"]}]},{"@type":"BreadcrumbList","@id":"https:\/\/sectores.export.com.gt\/acuicultura-y-pesca\/contactenos\/#breadcrumb","itemListElement":[{"@type":"ListItem","position":1,"name":"Home","item":"https:\/\/sectores.export.com.gt\/acuicultura-y-pesca\/"},{"@type":"ListItem","position":2,"name":"Cont\u00e1ctenos"}]},{"@type":"WebSite","@id":"https:\/\/sectores.export.com.gt\/acuicultura-y-pesca\/#website","url":"https:\/\/sectores.export.com.gt\/acuicultura-y-pesca\/","name":"Acuicultura y Pesca","description":"Acuicultura y Pesca","potentialAction":[{"@type":"SearchAction","target":{"@type":"EntryPoint","urlTemplate":"https:\/\/sectores.export.com.gt\/acuicultura-y-pesca\/?s={search_term_string}"},"query-input":{"@type":"PropertyValueSpecification","valueRequired":true,"valueName":"search_term_string"}}],"inLanguage":"es"}]}},"_links":{"self":[{"href":"https:\/\/sectores.export.com.gt\/acuicultura-y-pesca\/wp-json\/wp\/v2\/pages\/28","targetHints":{"allow":["GET"]}}],"collection":[{"href":"https:\/\/sectores.export.com.gt\/acuicultura-y-pesca\/wp-json\/wp\/v2\/pages"}],"about":[{"href":"https:\/\/sectores.export.com.gt\/acuicultura-y-pesca\/wp-json\/wp\/v2\/types\/page"}],"author":[{"embeddable":true,"href":"https:\/\/sectores.export.com.gt\/acuicultura-y-pesca\/wp-json\/wp\/v2\/users\/1"}],"replies":[{"embeddable":true,"href":"https:\/\/sectores.export.com.gt\/acuicultura-y-pesca\/wp-json\/wp\/v2\/comments?post=28"}],"version-history":[{"count":9,"href":"https:\/\/sectores.export.com.gt\/acuicultura-y-pesca\/wp-json\/wp\/v2\/pages\/28\/revisions"}],"predecessor-version":[{"id":736,"href":"https:\/\/sectores.export.com.gt\/acuicultura-y-pesca\/wp-json\/wp\/v2\/pages\/28\/revisions\/736"}],"wp:attachment":[{"href":"https:\/\/sectores.export.com.gt\/acuicultura-y-pesca\/wp-json\/wp\/v2\/media?parent=28"}],"curies":[{"name":"wp","href":"https:\/\/api.w.org\/{rel}","templated":true}]}}