{"id":2576,"date":"2025-04-29T16:21:03","date_gmt":"2025-04-29T16:21:03","guid":{"rendered":"https:\/\/sectores.export.com.gt\/acuicultura-y-pesca\/?page_id=2576"},"modified":"2026-04-08T14:55:10","modified_gmt":"2026-04-08T14:55:10","slug":"imp-2025","status":"publish","type":"page","link":"https:\/\/sectores.export.com.gt\/acuicultura-y-pesca\/imp-2025\/","title":{"rendered":"Importaciones 2025"},"content":{"rendered":"<div class=\"vc_row wpb_row vc_row-fluid\"><div class=\"wpb_column vc_column_container vc_col-sm-12\"><div class=\"vc_column-inner\"><div class=\"wpb_wrapper\">\n\t\t\t<!-- START Importaciones 2025 REVOLUTION SLIDER 6.3.6 --><p class=\"rs-p-wp-fix\"><\/p>\n\t\t\t<rs-module-wrap id=\"rev_slider_36_1_wrapper\" data-source=\"gallery\" style=\"background:transparent;padding:0;margin:0px auto;margin-top:0;margin-bottom:0;\">\n\t\t\t\t<rs-module id=\"rev_slider_36_1\" style=\"\" data-version=\"6.3.6\">\n\t\t\t\t\t<rs-slides>\n\t\t\t\t\t\t<rs-slide data-key=\"rs-49\" data-title=\"Slide\" data-anim=\"ei:d;eo:d;s:1000;r:0;t:fade;sl:0;\">\n\t\t\t\t\t\t\t<img decoding=\"async\" data-src=\"\/\/sectores.export.com.gt\/acuicultura-y-pesca\/wp-content\/uploads\/sites\/24\/2024\/09\/1-Banner%202.jpg\" title=\"Banner 2\" width=\"2480\" height=\"445\" data-bg=\"p:50% 0%;\" class=\"rev-slidebg lazyload\" data-no-retina src=\"data:image\/svg+xml;base64,PHN2ZyB3aWR0aD0iMSIgaGVpZ2h0PSIxIiB4bWxucz0iaHR0cDovL3d3dy53My5vcmcvMjAwMC9zdmciPjwvc3ZnPg==\" style=\"--smush-placeholder-width: 2480px; --smush-placeholder-aspect-ratio: 2480\/445;\">\n<!--\n\t\t\t\t\t\t\t--><rs-layer\n\t\t\t\t\t\t\t\tid=\"slider-36-slide-49-layer-3\" \n\t\t\t\t\t\t\t\tdata-type=\"text\"\n\t\t\t\t\t\t\t\tdata-color=\"#ffffff\"\n\t\t\t\t\t\t\t\tdata-rsp_ch=\"on\"\n\t\t\t\t\t\t\t\tdata-xy=\"x:c;xo:-408px;y:190px;\"\n\t\t\t\t\t\t\t\tdata-text=\"w:normal;s:41;l:38;fw:800;a:center;\"\n\t\t\t\t\t\t\t\tdata-dim=\"w:619px;\"\n\t\t\t\t\t\t\t\tdata-frame_999=\"o:0;st:w;\"\n\t\t\t\t\t\t\t\tstyle=\"z-index:5;font-family:Jost;\"\n\t\t\t\t\t\t\t>Importaciones de Productos Pesqueros de Guatemala 2025 \n\t\t\t\t\t\t\t<\/rs-layer><!--\n-->\t\t\t\t\t\t<\/rs-slide>\n\t\t\t\t\t<\/rs-slides>\n\t\t\t\t<\/rs-module>\n\t\t\t<\/rs-module-wrap>\n\t\t\t<!-- END REVOLUTION SLIDER -->\n<\/div><\/div><\/div><\/div><div class=\"vc_row wpb_row vc_row-fluid overall-width justify-self-auto\"><div class=\"wpb_column vc_column_container vc_col-sm-12\"><div class=\"vc_column-inner\"><div class=\"wpb_wrapper\"><div id='breadcrumb' class=\"w-full mt-12\">\n    <div class=\"flex items-center w-full bg-header-light rounded px-2\">\n        <a href=\"#\">\n            <ion-icon name=\"home-sharp\" class=\"w-3.5 h-3.5 text-body-grey-02\"><\/ion-icon>\n        <\/a>\n        <span class=\"font-assistant font-normal text-base\">\n            <span class=\"breadcrumb-options-additionals\">\n                                <a href=\"https:\/\/sectores.export.com.gt\/acuicultura-y-pesca\">Inicio<\/a> \/ \n                <a href=\"https:\/\/sectores.export.com.gt\/acuicultura-y-pesca\">Acuicultura y Pesca<\/a> \/\n                                    <span style=\"padding: 0px 10px;\">Importaciones 2025<\/span>\/\n                            <\/span>\n        <\/span>\n    <\/div>\n<\/div>\n\t<div class=\"wpb_text_column wpb_content_element \" >\n\t\t<div class=\"wpb_wrapper\">\n\t\t\t\n\n\t\t<\/div>\n\t<\/div>\n<\/div><\/div><\/div><\/div><div class=\"vc_row wpb_row vc_row-fluid overall-width justify-self-auto\"><div class=\"wpb_column vc_column_container vc_col-sm-12\"><div class=\"vc_column-inner\"><div class=\"wpb_wrapper\">\n\t<div class=\"wpb_text_column wpb_content_element \" >\n\t\t<div class=\"wpb_wrapper\">\n\t\t\t<h4 class=\"movil-tcenter\" style=\"text-align: right\"><strong>Fecha de Publicaci\u00f3n:\u00a0 07 de abril de 2026<\/strong><\/h4>\n\n\t\t<\/div>\n\t<\/div>\n\n\t<div class=\"wpb_text_column wpb_content_element \" >\n\t\t<div class=\"wpb_wrapper\">\n\t\t\t<h2 class=\"movil-tcenter\" style=\"text-align: center\"><strong><span style=\"font-size: 18pt\">IMPORTACIONES DE PRODUCTOS PESQUEROS DE GUATEMALA 2025<\/span><\/strong><\/h2>\n\n\t\t<\/div>\n\t<\/div>\n\n\t<div class=\"wpb_text_column wpb_content_element \" >\n\t\t<div class=\"wpb_wrapper\">\n\t\t\t<p style=\"text-align: left\">La Oficina del Sector de Acuicultura y Pesca de <strong>AGEXPORT<\/strong>, con base en la informaci\u00f3n proporcionada por el <strong>Banco de Guatemala (BANGUAT)<\/strong>, presenta un an\u00e1lisis del comportamiento de las importaciones de productos pesqueros a diciembre de 2025.<\/p>\n<p style=\"text-align: left\">Este estudio proporciona informaci\u00f3n relevante sobre el volumen, valor\u00a0 y principales pa\u00edses de origen de las importaciones de productos pesqueros en Guatemala.<\/p>\n\n\t\t<\/div>\n\t<\/div>\n<\/div><\/div><\/div><\/div><div class=\"vc_row wpb_row vc_row-fluid overall-width justify-self-auto\"><div class=\"wpb_column vc_column_container vc_col-sm-12\"><div class=\"vc_column-inner\"><div class=\"wpb_wrapper\">\n\t<div class=\"wpb_text_column wpb_content_element \" >\n\t\t<div class=\"wpb_wrapper\">\n\t\t\t<p style=\"text-align: center\"><strong><span style=\"font-size: 18pt\">IMPORTACIONES DE PRODUCTOS PESQUEROS DE GUATEMALA A DICIEMBRE DE 2025<\/span><\/strong><\/p>\n\n\t\t<\/div>\n\t<\/div>\n\n\t<div class=\"wpb_text_column wpb_content_element \" >\n\t\t<div class=\"wpb_wrapper\">\n\t\t\t<h3 style=\"text-align: left\"><span style=\"text-decoration: underline\">An\u00e1lisis de los Datos<\/span><\/h3>\n<p><strong>Volumen: <\/strong>A diciembre de 2025, las importaciones de productos pesqueros registraron una disminuci\u00f3n del 5 % en comparaci\u00f3n con el a\u00f1o anterior (119 millones de libras). Durante el per\u00edodo analizado, se importaron 113 millones de libras.<\/p>\n<p>&nbsp;<\/p>\n<p style=\"text-align: left\"><strong>Principales Pa\u00edses de Origen: <\/strong>Argentina, Ecuador, Espa\u00f1a, Estados Unidos, Honduras, India, Nicaragua, Panam\u00e1 y Per\u00fa concentran una proporci\u00f3n significativa de las importaciones totales. En conjunto, estos pa\u00edses representan el 96 % de las importaciones durante el per\u00edodo analizado.<\/p>\n<p><strong>Valor: <\/strong>A diciembre de 2025, la estructura de las importaciones se concentra en un 94 % en productos como pescado, moluscos y camar\u00f3n. El 6 % restante corresponde a preparados de carne, conservas y otros productos.<\/p>\n\n\t\t<\/div>\n\t<\/div>\n<\/div><\/div><\/div><\/div><div class=\"vc_row wpb_row vc_row-fluid\"><div class=\"wpb_column vc_column_container vc_col-sm-2\"><div class=\"vc_column-inner\"><div class=\"wpb_wrapper\"><\/div><\/div><\/div><div class=\"wpb_column vc_column_container vc_col-sm-8\"><div class=\"vc_column-inner\"><div class=\"wpb_wrapper\"><div class=\"wpb_gallery wpb_content_element vc_clearfix\" ><div class=\"wpb_wrapper\"><div class=\"wpb_gallery_slides wpb_flexslider flexslider_fade flexslider\" data-interval=\"5\" data-flex_fx=\"fade\"><ul class=\"slides\"><li><a class=\"\" href=\"https:\/\/sectores.export.com.gt\/acuicultura-y-pesca\/wp-content\/uploads\/sites\/24\/2026\/04\/Importaciones-de-Productos-Pesqueros-en-Millones-de-Libras-1024x768.jpg\" data-lightbox=\"lightbox[rel-2576-198111130]\"><img decoding=\"async\" width=\"1600\" height=\"1200\" data-src=\"https:\/\/sectores.export.com.gt\/acuicultura-y-pesca\/wp-content\/uploads\/sites\/24\/2026\/04\/Importaciones-de-Productos-Pesqueros-en-Millones-de-Libras.jpg\" class=\"attachment-full lazyload\" alt=\"\" title=\"Importaciones de Productos Pesqueros en Millones de Libras\" data-srcset=\"https:\/\/sectores.export.com.gt\/acuicultura-y-pesca\/wp-content\/uploads\/sites\/24\/2026\/04\/Importaciones-de-Productos-Pesqueros-en-Millones-de-Libras.jpg 1600w, https:\/\/sectores.export.com.gt\/acuicultura-y-pesca\/wp-content\/uploads\/sites\/24\/2026\/04\/Importaciones-de-Productos-Pesqueros-en-Millones-de-Libras-300x225.jpg 300w, https:\/\/sectores.export.com.gt\/acuicultura-y-pesca\/wp-content\/uploads\/sites\/24\/2026\/04\/Importaciones-de-Productos-Pesqueros-en-Millones-de-Libras-1024x768.jpg 1024w, https:\/\/sectores.export.com.gt\/acuicultura-y-pesca\/wp-content\/uploads\/sites\/24\/2026\/04\/Importaciones-de-Productos-Pesqueros-en-Millones-de-Libras-768x576.jpg 768w, https:\/\/sectores.export.com.gt\/acuicultura-y-pesca\/wp-content\/uploads\/sites\/24\/2026\/04\/Importaciones-de-Productos-Pesqueros-en-Millones-de-Libras-1536x1152.jpg 1536w, https:\/\/sectores.export.com.gt\/acuicultura-y-pesca\/wp-content\/uploads\/sites\/24\/2026\/04\/Importaciones-de-Productos-Pesqueros-en-Millones-de-Libras-16x12.jpg 16w, https:\/\/sectores.export.com.gt\/acuicultura-y-pesca\/wp-content\/uploads\/sites\/24\/2026\/04\/Importaciones-de-Productos-Pesqueros-en-Millones-de-Libras-50x38.jpg 50w, https:\/\/sectores.export.com.gt\/acuicultura-y-pesca\/wp-content\/uploads\/sites\/24\/2026\/04\/Importaciones-de-Productos-Pesqueros-en-Millones-de-Libras-100x75.jpg 100w\" data-sizes=\"(max-width: 1600px) 100vw, 1600px\" src=\"data:image\/svg+xml;base64,PHN2ZyB3aWR0aD0iMSIgaGVpZ2h0PSIxIiB4bWxucz0iaHR0cDovL3d3dy53My5vcmcvMjAwMC9zdmciPjwvc3ZnPg==\" style=\"--smush-placeholder-width: 1600px; --smush-placeholder-aspect-ratio: 1600\/1200;\" \/><\/a><\/li><li><a class=\"\" href=\"https:\/\/sectores.export.com.gt\/acuicultura-y-pesca\/wp-content\/uploads\/sites\/24\/2026\/04\/Importaciones-de-Productos-Pesqueros-en-Volumen-1024x768.jpg\" data-lightbox=\"lightbox[rel-2576-198111130]\"><img decoding=\"async\" width=\"1600\" height=\"1200\" data-src=\"https:\/\/sectores.export.com.gt\/acuicultura-y-pesca\/wp-content\/uploads\/sites\/24\/2026\/04\/Importaciones-de-Productos-Pesqueros-en-Volumen.jpg\" class=\"attachment-full lazyload\" alt=\"\" title=\"Importaciones de Productos Pesqueros en Volumen\" data-srcset=\"https:\/\/sectores.export.com.gt\/acuicultura-y-pesca\/wp-content\/uploads\/sites\/24\/2026\/04\/Importaciones-de-Productos-Pesqueros-en-Volumen.jpg 1600w, https:\/\/sectores.export.com.gt\/acuicultura-y-pesca\/wp-content\/uploads\/sites\/24\/2026\/04\/Importaciones-de-Productos-Pesqueros-en-Volumen-300x225.jpg 300w, https:\/\/sectores.export.com.gt\/acuicultura-y-pesca\/wp-content\/uploads\/sites\/24\/2026\/04\/Importaciones-de-Productos-Pesqueros-en-Volumen-1024x768.jpg 1024w, https:\/\/sectores.export.com.gt\/acuicultura-y-pesca\/wp-content\/uploads\/sites\/24\/2026\/04\/Importaciones-de-Productos-Pesqueros-en-Volumen-768x576.jpg 768w, https:\/\/sectores.export.com.gt\/acuicultura-y-pesca\/wp-content\/uploads\/sites\/24\/2026\/04\/Importaciones-de-Productos-Pesqueros-en-Volumen-1536x1152.jpg 1536w, https:\/\/sectores.export.com.gt\/acuicultura-y-pesca\/wp-content\/uploads\/sites\/24\/2026\/04\/Importaciones-de-Productos-Pesqueros-en-Volumen-16x12.jpg 16w, https:\/\/sectores.export.com.gt\/acuicultura-y-pesca\/wp-content\/uploads\/sites\/24\/2026\/04\/Importaciones-de-Productos-Pesqueros-en-Volumen-50x38.jpg 50w, https:\/\/sectores.export.com.gt\/acuicultura-y-pesca\/wp-content\/uploads\/sites\/24\/2026\/04\/Importaciones-de-Productos-Pesqueros-en-Volumen-100x75.jpg 100w\" data-sizes=\"(max-width: 1600px) 100vw, 1600px\" src=\"data:image\/svg+xml;base64,PHN2ZyB3aWR0aD0iMSIgaGVpZ2h0PSIxIiB4bWxucz0iaHR0cDovL3d3dy53My5vcmcvMjAwMC9zdmciPjwvc3ZnPg==\" style=\"--smush-placeholder-width: 1600px; --smush-placeholder-aspect-ratio: 1600\/1200;\" \/><\/a><\/li><\/ul><\/div><\/div><\/div><\/div><\/div><\/div><div class=\"wpb_column vc_column_container vc_col-sm-2\"><div class=\"vc_column-inner\"><div class=\"wpb_wrapper\"><\/div><\/div><\/div><\/div><div class=\"vc_row wpb_row vc_row-fluid overall-width justify-self-auto\"><div class=\"wpb_column vc_column_container vc_col-sm-12\"><div class=\"vc_column-inner\"><div class=\"wpb_wrapper\"><div class=\"vc_empty_space\"   style=\"height: 50px\"><span class=\"vc_empty_space_inner\"><\/span><\/div>\n\t<div class=\"wpb_text_column wpb_content_element \" >\n\t\t<div class=\"wpb_wrapper\">\n\t\t\t<h2 style=\"text-align: center\">Plataformas y Servicios Relacionados<\/h2>\n\n\t\t<\/div>\n\t<\/div>\n<\/div><\/div><\/div><\/div><div class=\"vc_row wpb_row vc_row-fluid\"><div class=\"wpb_column vc_column_container vc_col-sm-1\"><div class=\"vc_column-inner\"><div class=\"wpb_wrapper\"><\/div><\/div><\/div><div class=\"wpb_column vc_column_container vc_col-sm-10\"><div class=\"vc_column-inner\"><div class=\"wpb_wrapper\">\t\t<section class=\"tdt-slider slider carrusel-servicios content-over-slider\" id=\"tdt-slider-395\" data-mobiles=\"1\" data-tabs=\"2\" data-scrolltab=\"1\" data-scrollmbl=\"1\" data-slick='{\"arrows\": true, \"autoplaySpeed\": 1500, \"speed\": 500, \"dots\": false, \"autoplay\": true, \"infinite\": true, \"adaptiveHeight\": true, \"pauseOnHover\": true, \"slidesToShow\": 4, \"slidesToScroll\": 1, \"fade\": false}'>\r\n\t\t    <div class=\"carousel-caption\" style=\"background: none;\">\r\n\t\t  <div>\r\n\t\t  \t\t\t  \t\t<a class=\"\" href=\"https:\/\/directorio.export.com.gt\/\" target=\"_blank\" title=\"\" data-slide=\"false\" >\r\n\t\t\t\t\t\t\t\t\t  \t<img decoding=\"async\" data-src=\"https:\/\/sectores.export.com.gt\/acuicultura-y-pesca\/wp-content\/uploads\/sites\/24\/2022\/06\/Directorio-de-Exportadores.png\" alt=\"\" class=\"ultimate-slide-img lazyload\" style=\"--smush-placeholder-width: 204px; --smush-placeholder-aspect-ratio: 204\/63;max-width: 100%; width: ; height: ; border-radius: ; margin-bottom: 15px;\" src=\"data:image\/svg+xml;base64,PHN2ZyB3aWR0aD0iMSIgaGVpZ2h0PSIxIiB4bWxucz0iaHR0cDovL3d3dy53My5vcmcvMjAwMC9zdmciPjwvc3ZnPg==\">\r\n\t\t\t\t\t\t\t\t\t\t<\/a>\r\n\t\t\t\t\t  \t<span class=\"content-section\" style=\"text-align: center; display: block;\">\r\n\t\t  \t\t\t\t\t  \t\t\t\t  \t\r\n\t\t\t  \t<br>\r\n\r\n\t\t\t  \t\t\t  \t<\/span>\r\n\t\t  <\/div>\r\n\t\t<\/div>\r\n\t\t\t\t<div class=\"carousel-caption\" style=\"background: none;\">\r\n\t\t  <div>\r\n\t\t  \t\t\t  \t\t<a class=\"\" href=\"https:\/\/observatorio.competitividad.gt\/\" target=\"_blank\" title=\"\" data-slide=\"false\" >\r\n\t\t\t\t\t\t\t\t\t  \t<img decoding=\"async\" data-src=\"https:\/\/sectores.export.com.gt\/acuicultura-y-pesca\/wp-content\/uploads\/sites\/24\/2022\/06\/Centro-de-Competitividad.png\" alt=\"\" class=\"ultimate-slide-img lazyload\" style=\"--smush-placeholder-width: 204px; --smush-placeholder-aspect-ratio: 204\/66;max-width: 100%; width: ; height: ; border-radius: ; margin-bottom: 15px;\" src=\"data:image\/svg+xml;base64,PHN2ZyB3aWR0aD0iMSIgaGVpZ2h0PSIxIiB4bWxucz0iaHR0cDovL3d3dy53My5vcmcvMjAwMC9zdmciPjwvc3ZnPg==\">\r\n\t\t\t\t\t\t\t\t\t\t<\/a>\r\n\t\t\t\t\t  \t<span class=\"content-section\" style=\"text-align: center; display: block;\">\r\n\t\t  \t\t\t\t\t  \t\t\t\t  \t\r\n\t\t\t  \t<br>\r\n\r\n\t\t\t  \t\t\t  \t<\/span>\r\n\t\t  <\/div>\r\n\t\t<\/div>\r\n\t\t\t\t<div class=\"carousel-caption\" style=\"background: none;\">\r\n\t\t  <div>\r\n\t\t  \t\t\t  \t\t<a class=\"\" href=\"https:\/\/www.export.com.gt\/calendario\" target=\"_blank\" title=\"\" data-slide=\"false\" >\r\n\t\t\t\t\t\t\t\t\t  \t<img decoding=\"async\" data-src=\"https:\/\/sectores.export.com.gt\/acuicultura-y-pesca\/wp-content\/uploads\/sites\/24\/2022\/06\/Calendario-de-Eventos.png\" alt=\"\" class=\"ultimate-slide-img lazyload\" style=\"--smush-placeholder-width: 212px; --smush-placeholder-aspect-ratio: 212\/65;max-width: 100%; width: ; height: ; border-radius: ; margin-bottom: 15px;\" src=\"data:image\/svg+xml;base64,PHN2ZyB3aWR0aD0iMSIgaGVpZ2h0PSIxIiB4bWxucz0iaHR0cDovL3d3dy53My5vcmcvMjAwMC9zdmciPjwvc3ZnPg==\">\r\n\t\t\t\t\t\t\t\t\t\t<\/a>\r\n\t\t\t\t\t  \t<span class=\"content-section\" style=\"text-align: center; display: block;\">\r\n\t\t  \t\t\t\t\t  \t\t\t\t  \t\r\n\t\t\t  \t<br>\r\n\r\n\t\t\t  \t\t\t  \t<\/span>\r\n\t\t  <\/div>\r\n\t\t<\/div>\r\n\t\t\t\t<div class=\"carousel-caption\" style=\"background: none;\">\r\n\t\t  <div>\r\n\t\t  \t\t\t  \t\t<a class=\"\" href=\"https:\/\/www.export.com.gt\/covid-19\/\" target=\"_blank\" title=\"\" data-slide=\"false\" >\r\n\t\t\t\t\t\t\t\t\t  \t<img decoding=\"async\" data-src=\"https:\/\/sectores.export.com.gt\/acuicultura-y-pesca\/wp-content\/uploads\/sites\/24\/2022\/06\/Iniciativa-COVID-19-1.png\" alt=\"\" class=\"ultimate-slide-img lazyload\" style=\"--smush-placeholder-width: 204px; --smush-placeholder-aspect-ratio: 204\/63;max-width: 100%; width: ; height: ; border-radius: ; margin-bottom: 15px;\" src=\"data:image\/svg+xml;base64,PHN2ZyB3aWR0aD0iMSIgaGVpZ2h0PSIxIiB4bWxucz0iaHR0cDovL3d3dy53My5vcmcvMjAwMC9zdmciPjwvc3ZnPg==\">\r\n\t\t\t\t\t\t\t\t\t\t<\/a>\r\n\t\t\t\t\t  \t<span class=\"content-section\" style=\"text-align: center; display: block;\">\r\n\t\t  \t\t\t\t\t  \t\t\t\t  \t\r\n\t\t\t  \t<br>\r\n\r\n\t\t\t  \t\t\t  \t<\/span>\r\n\t\t  <\/div>\r\n\t\t<\/div>\r\n\t\t\t\t<div class=\"carousel-caption\" style=\"background: none;\">\r\n\t\t  <div>\r\n\t\t  \t\t\t  \t\t<a class=\"\" href=\"https:\/\/www.export.com.gt\/servicios\" target=\"_blank\" title=\"\" data-slide=\"false\" >\r\n\t\t\t\t\t\t\t\t\t  \t<img decoding=\"async\" data-src=\"https:\/\/sectores.export.com.gt\/acuicultura-y-pesca\/wp-content\/uploads\/sites\/24\/2022\/06\/Servicios-para-empresarios-1.png\" alt=\"\" class=\"ultimate-slide-img lazyload\" style=\"--smush-placeholder-width: 204px; --smush-placeholder-aspect-ratio: 204\/66;max-width: 100%; width: ; height: ; border-radius: ; margin-bottom: 15px;\" src=\"data:image\/svg+xml;base64,PHN2ZyB3aWR0aD0iMSIgaGVpZ2h0PSIxIiB4bWxucz0iaHR0cDovL3d3dy53My5vcmcvMjAwMC9zdmciPjwvc3ZnPg==\">\r\n\t\t\t\t\t\t\t\t\t\t<\/a>\r\n\t\t\t\t\t  \t<span class=\"content-section\" style=\"text-align: center; display: block;\">\r\n\t\t  \t\t\t\t\t  \t\t\t\t  \t\r\n\t\t\t  \t<br>\r\n\r\n\t\t\t  \t\t\t  \t<\/span>\r\n\t\t  <\/div>\r\n\t\t<\/div>\n\t\t<\/section>\r\n\r\n\t\t<style>\r\n\t\t\t\t\t\t\t\t\t\t#tdt-slider-395 .slick-next:before, #tdt-slider-395 .slick-prev:before {\r\n\t\t\t\t\tcolor: #000000 !important;\r\n\t\t\t\t\tbackground:  !important;\r\n\t\t\t\t\tfont-size: 30px !important;\r\n\t\t\t\t}\r\n\t\t\t\t#tdt-slider-395 .slick-prev {\r\n\t\t\t\t\tleft: 1px !important;\r\n\t\t\t\t}\r\n\t\t\t\t#tdt-slider-395 .slick-next {\r\n\t\t\t\t\tright: 1px !important;\r\n\t\t\t\t}\r\n\t\t\t\t\t\t#tdt-slider-395 .slick-slide {\r\n\t\t\t\tpadding: 0 0px 15px 0px !important;\r\n\t\t\t}\r\n\t\t\t#tdt-slider-395 .content-section *{\r\n\t\t\t\t;\r\n\t\t\t}\r\n\t\t\t\t\t\t\t#tdt-slider-395.content-over-slider .slick-slide .content-section {\r\n\t\t\t\t\ttop: 15%;\r\n\t\t\t\t}\r\n\t\t\t\t@media only screen and (max-width: 480px) {\r\n\t\t\t\t\t#tdt-slider-395.content-over-slider .slick-slide .content-section {\r\n\t\t\t\t\t\ttop: 35px !important;\r\n\t\t\t\t\t}\r\n\t\t\t\t\t#tdt-slider-395.content-over-slider .ultimate-slide-img {\r\n\t\t\t\t\t\theight:  !important;\r\n\t\t\t\t\t}\r\n\t\t\t\t}\r\n\t\t\t\t\t<\/style>\r\n\t\t<\/div><\/div><\/div><div class=\"wpb_column vc_column_container vc_col-sm-1\"><div class=\"vc_column-inner\"><div class=\"wpb_wrapper\"><\/div><\/div><\/div><\/div>\n","protected":false},"excerpt":{"rendered":"Importaciones de Productos Pesqueros de Guatemala 2025 Inicio \/ Acuicultura y Pesca \/ Importaciones 2025\/ Fecha de Publicaci\u00f3n:\u00a0 07 de abril de 2026 IMPORTACIONES DE PRODUCTOS PESQUEROS DE GUATEMALA 2025 La Oficina del Sector de Acuicultura y Pesca de AGEXPORT, con base en la informaci\u00f3n proporcionada por el Banco de Guatemala (BANGUAT), presenta un an\u00e1lisis [...]","protected":false},"author":12,"featured_media":0,"parent":0,"menu_order":0,"comment_status":"closed","ping_status":"closed","template":"","meta":{"_acf_changed":false,"ngg_post_thumbnail":0,"footnotes":""},"class_list":["post-2576","page","type-page","status-publish","hentry"],"acf":[],"yoast_head":"<!-- This site is optimized with the Yoast SEO plugin v25.6 - https:\/\/yoast.com\/wordpress\/plugins\/seo\/ -->\n<title>Importaciones 2024<\/title>\n<meta name=\"robots\" content=\"index, follow, max-snippet:-1, max-image-preview:large, max-video-preview:-1\" \/>\n<link rel=\"canonical\" href=\"https:\/\/sectores.export.com.gt\/acuicultura-y-pesca\/imp-2025\/\" \/>\n<meta property=\"og:locale\" content=\"es_ES\" \/>\n<meta property=\"og:type\" content=\"article\" \/>\n<meta property=\"og:title\" content=\"Importaciones 2024\" \/>\n<meta property=\"og:url\" content=\"https:\/\/sectores.export.com.gt\/acuicultura-y-pesca\/imp-2025\/\" \/>\n<meta property=\"og:site_name\" content=\"Acuicultura y Pesca\" \/>\n<meta property=\"article:modified_time\" content=\"2026-04-08T14:55:10+00:00\" \/>\n<meta name=\"twitter:card\" content=\"summary_large_image\" \/>\n<meta name=\"twitter:label1\" content=\"Est. reading time\" \/>\n\t<meta name=\"twitter:data1\" content=\"3 minutos\" \/>\n<script type=\"application\/ld+json\" class=\"yoast-schema-graph\">{\"@context\":\"https:\/\/schema.org\",\"@graph\":[{\"@type\":\"WebPage\",\"@id\":\"https:\/\/sectores.export.com.gt\/acuicultura-y-pesca\/imp-2025\/\",\"url\":\"https:\/\/sectores.export.com.gt\/acuicultura-y-pesca\/imp-2025\/\",\"name\":\"Importaciones 2024\",\"isPartOf\":{\"@id\":\"https:\/\/sectores.export.com.gt\/acuicultura-y-pesca\/#website\"},\"datePublished\":\"2025-04-29T16:21:03+00:00\",\"dateModified\":\"2026-04-08T14:55:10+00:00\",\"breadcrumb\":{\"@id\":\"https:\/\/sectores.export.com.gt\/acuicultura-y-pesca\/imp-2025\/#breadcrumb\"},\"inLanguage\":\"es\",\"potentialAction\":[{\"@type\":\"ReadAction\",\"target\":[\"https:\/\/sectores.export.com.gt\/acuicultura-y-pesca\/imp-2025\/\"]}]},{\"@type\":\"BreadcrumbList\",\"@id\":\"https:\/\/sectores.export.com.gt\/acuicultura-y-pesca\/imp-2025\/#breadcrumb\",\"itemListElement\":[{\"@type\":\"ListItem\",\"position\":1,\"name\":\"Home\",\"item\":\"https:\/\/sectores.export.com.gt\/acuicultura-y-pesca\/\"},{\"@type\":\"ListItem\",\"position\":2,\"name\":\"Importaciones 2025\"}]},{\"@type\":\"WebSite\",\"@id\":\"https:\/\/sectores.export.com.gt\/acuicultura-y-pesca\/#website\",\"url\":\"https:\/\/sectores.export.com.gt\/acuicultura-y-pesca\/\",\"name\":\"Acuicultura y Pesca\",\"description\":\"Acuicultura y Pesca\",\"potentialAction\":[{\"@type\":\"SearchAction\",\"target\":{\"@type\":\"EntryPoint\",\"urlTemplate\":\"https:\/\/sectores.export.com.gt\/acuicultura-y-pesca\/?s={search_term_string}\"},\"query-input\":{\"@type\":\"PropertyValueSpecification\",\"valueRequired\":true,\"valueName\":\"search_term_string\"}}],\"inLanguage\":\"es\"}]}<\/script>\n<!-- \/ Yoast SEO plugin. -->","yoast_head_json":{"title":"Importaciones 2024","robots":{"index":"index","follow":"follow","max-snippet":"max-snippet:-1","max-image-preview":"max-image-preview:large","max-video-preview":"max-video-preview:-1"},"canonical":"https:\/\/sectores.export.com.gt\/acuicultura-y-pesca\/imp-2025\/","og_locale":"es_ES","og_type":"article","og_title":"Importaciones 2024","og_url":"https:\/\/sectores.export.com.gt\/acuicultura-y-pesca\/imp-2025\/","og_site_name":"Acuicultura y Pesca","article_modified_time":"2026-04-08T14:55:10+00:00","twitter_card":"summary_large_image","twitter_misc":{"Est. reading time":"3 minutos"},"schema":{"@context":"https:\/\/schema.org","@graph":[{"@type":"WebPage","@id":"https:\/\/sectores.export.com.gt\/acuicultura-y-pesca\/imp-2025\/","url":"https:\/\/sectores.export.com.gt\/acuicultura-y-pesca\/imp-2025\/","name":"Importaciones 2024","isPartOf":{"@id":"https:\/\/sectores.export.com.gt\/acuicultura-y-pesca\/#website"},"datePublished":"2025-04-29T16:21:03+00:00","dateModified":"2026-04-08T14:55:10+00:00","breadcrumb":{"@id":"https:\/\/sectores.export.com.gt\/acuicultura-y-pesca\/imp-2025\/#breadcrumb"},"inLanguage":"es","potentialAction":[{"@type":"ReadAction","target":["https:\/\/sectores.export.com.gt\/acuicultura-y-pesca\/imp-2025\/"]}]},{"@type":"BreadcrumbList","@id":"https:\/\/sectores.export.com.gt\/acuicultura-y-pesca\/imp-2025\/#breadcrumb","itemListElement":[{"@type":"ListItem","position":1,"name":"Home","item":"https:\/\/sectores.export.com.gt\/acuicultura-y-pesca\/"},{"@type":"ListItem","position":2,"name":"Importaciones 2025"}]},{"@type":"WebSite","@id":"https:\/\/sectores.export.com.gt\/acuicultura-y-pesca\/#website","url":"https:\/\/sectores.export.com.gt\/acuicultura-y-pesca\/","name":"Acuicultura y Pesca","description":"Acuicultura y Pesca","potentialAction":[{"@type":"SearchAction","target":{"@type":"EntryPoint","urlTemplate":"https:\/\/sectores.export.com.gt\/acuicultura-y-pesca\/?s={search_term_string}"},"query-input":{"@type":"PropertyValueSpecification","valueRequired":true,"valueName":"search_term_string"}}],"inLanguage":"es"}]}},"_links":{"self":[{"href":"https:\/\/sectores.export.com.gt\/acuicultura-y-pesca\/wp-json\/wp\/v2\/pages\/2576","targetHints":{"allow":["GET"]}}],"collection":[{"href":"https:\/\/sectores.export.com.gt\/acuicultura-y-pesca\/wp-json\/wp\/v2\/pages"}],"about":[{"href":"https:\/\/sectores.export.com.gt\/acuicultura-y-pesca\/wp-json\/wp\/v2\/types\/page"}],"author":[{"embeddable":true,"href":"https:\/\/sectores.export.com.gt\/acuicultura-y-pesca\/wp-json\/wp\/v2\/users\/12"}],"replies":[{"embeddable":true,"href":"https:\/\/sectores.export.com.gt\/acuicultura-y-pesca\/wp-json\/wp\/v2\/comments?post=2576"}],"version-history":[{"count":10,"href":"https:\/\/sectores.export.com.gt\/acuicultura-y-pesca\/wp-json\/wp\/v2\/pages\/2576\/revisions"}],"predecessor-version":[{"id":2974,"href":"https:\/\/sectores.export.com.gt\/acuicultura-y-pesca\/wp-json\/wp\/v2\/pages\/2576\/revisions\/2974"}],"wp:attachment":[{"href":"https:\/\/sectores.export.com.gt\/acuicultura-y-pesca\/wp-json\/wp\/v2\/media?parent=2576"}],"curies":[{"name":"wp","href":"https:\/\/api.w.org\/{rel}","templated":true}]}}