{"id":1951,"date":"2024-08-08T15:21:21","date_gmt":"2024-08-08T15:21:21","guid":{"rendered":"https:\/\/sectores.export.com.gt\/acuicultura-y-pesca\/?page_id=1951"},"modified":"2025-01-17T18:06:49","modified_gmt":"2025-01-17T18:06:49","slug":"importaciones-2024","status":"publish","type":"page","link":"https:\/\/sectores.export.com.gt\/acuicultura-y-pesca\/importaciones-2024\/","title":{"rendered":"Importaciones 2024"},"content":{"rendered":"<div class=\"vc_row wpb_row vc_row-fluid\"><div class=\"wpb_column vc_column_container vc_col-sm-12\"><div class=\"vc_column-inner\"><div class=\"wpb_wrapper\">\n\t\t\t<!-- START Importaciones 2024 REVOLUTION SLIDER 6.3.6 --><p class=\"rs-p-wp-fix\"><\/p>\n\t\t\t<rs-module-wrap id=\"rev_slider_32_1_wrapper\" data-source=\"gallery\" style=\"background:transparent;padding:0;margin:0px auto;margin-top:0;margin-bottom:0;\">\n\t\t\t\t<rs-module id=\"rev_slider_32_1\" style=\"\" data-version=\"6.3.6\">\n\t\t\t\t\t<rs-slides>\n\t\t\t\t\t\t<rs-slide data-key=\"rs-40\" data-title=\"Slide\" data-anim=\"ei:d;eo:d;s:1000;r:0;t:fade;sl:0;\">\n\t\t\t\t\t\t\t<img decoding=\"async\" data-src=\"\/\/sectores.export.com.gt\/acuicultura-y-pesca\/wp-content\/uploads\/sites\/24\/2024\/09\/1-Banner%202.jpg\" title=\"Banner 2\" width=\"2480\" height=\"445\" data-bg=\"p:50% 0%;\" class=\"rev-slidebg lazyload\" data-no-retina src=\"data:image\/svg+xml;base64,PHN2ZyB3aWR0aD0iMSIgaGVpZ2h0PSIxIiB4bWxucz0iaHR0cDovL3d3dy53My5vcmcvMjAwMC9zdmciPjwvc3ZnPg==\" style=\"--smush-placeholder-width: 2480px; --smush-placeholder-aspect-ratio: 2480\/445;\">\n<!--\n\t\t\t\t\t\t\t--><rs-layer\n\t\t\t\t\t\t\t\tid=\"slider-32-slide-40-layer-3\" \n\t\t\t\t\t\t\t\tdata-type=\"text\"\n\t\t\t\t\t\t\t\tdata-color=\"#ffffff\"\n\t\t\t\t\t\t\t\tdata-rsp_ch=\"on\"\n\t\t\t\t\t\t\t\tdata-xy=\"x:c;xo:-408px;y:190px;\"\n\t\t\t\t\t\t\t\tdata-text=\"w:normal;s:41;l:38;fw:800;a:center;\"\n\t\t\t\t\t\t\t\tdata-dim=\"w:619px;\"\n\t\t\t\t\t\t\t\tdata-frame_999=\"o:0;st:w;\"\n\t\t\t\t\t\t\t\tstyle=\"z-index:5;font-family:Jost;\"\n\t\t\t\t\t\t\t>Importaciones de Productos Pesqueros de Guatemala 2024 \n\t\t\t\t\t\t\t<\/rs-layer><!--\n-->\t\t\t\t\t\t<\/rs-slide>\n\t\t\t\t\t<\/rs-slides>\n\t\t\t\t<\/rs-module>\n\t\t\t<\/rs-module-wrap>\n\t\t\t<!-- END REVOLUTION SLIDER -->\n<\/div><\/div><\/div><\/div><div class=\"vc_row wpb_row vc_row-fluid overall-width justify-self-auto\"><div class=\"wpb_column vc_column_container vc_col-sm-12\"><div class=\"vc_column-inner\"><div class=\"wpb_wrapper\"><div id='breadcrumb' class=\"w-full mt-12\">\n    <div class=\"flex items-center w-full bg-header-light rounded px-2\">\n        <a href=\"#\">\n            <ion-icon name=\"home-sharp\" class=\"w-3.5 h-3.5 text-body-grey-02\"><\/ion-icon>\n        <\/a>\n        <span class=\"font-assistant font-normal text-base\">\n            <span class=\"breadcrumb-options-additionals\">\n                                <a href=\"https:\/\/sectores.export.com.gt\/acuicultura-y-pesca\">Inicio<\/a> \/ \n                <a href=\"https:\/\/sectores.export.com.gt\/acuicultura-y-pesca\">Acuicultura y Pesca<\/a> \/\n                                    <span style=\"padding: 0px 10px;\">Importaciones 2024<\/span>\/\n                            <\/span>\n        <\/span>\n    <\/div>\n<\/div>\n\t<div class=\"wpb_text_column wpb_content_element \" >\n\t\t<div class=\"wpb_wrapper\">\n\t\t\t\n\n\t\t<\/div>\n\t<\/div>\n<\/div><\/div><\/div><\/div><div class=\"vc_row wpb_row vc_row-fluid overall-width justify-self-auto\"><div class=\"wpb_column vc_column_container vc_col-sm-12\"><div class=\"vc_column-inner\"><div class=\"wpb_wrapper\">\n\t<div class=\"wpb_text_column wpb_content_element \" >\n\t\t<div class=\"wpb_wrapper\">\n\t\t\t<h4 class=\"movil-tcenter\" style=\"text-align: right\">Fecha de Publicaci\u00f3n:&nbsp; 17 de enero de 2025<\/h4>\n\n\t\t<\/div>\n\t<\/div>\n\n\t<div class=\"wpb_text_column wpb_content_element \" >\n\t\t<div class=\"wpb_wrapper\">\n\t\t\t<h2 class=\"movil-tcenter\" style=\"text-align: center\">IMPORTACIONES DE PRODUCTOS PESQUEROS DE GUATEMALA 2024<\/h2>\n\n\t\t<\/div>\n\t<\/div>\n\n\t<div class=\"wpb_text_column wpb_content_element \" >\n\t\t<div class=\"wpb_wrapper\">\n\t\t\t<p style=\"text-align: justify\">La Oficina del Sector de Acuicultura y Pesca de AGEXPORT con base a la informaci\u00f3n proporcionada por el Banco de Guatemala (BANGUAT), presenta un an\u00e1lisis detallado del comportamiento de las importaciones de productos pesqueros a <strong>noviembre 2024<\/strong>. Este estudio proporciona informaci\u00f3n valiosa sobre el volumen, valor y principales pa\u00edses de origen de las importaciones de productos pesqueros.<\/p>\n\n\t\t<\/div>\n\t<\/div>\n<\/div><\/div><\/div><\/div><div class=\"vc_row wpb_row vc_row-fluid overall-width justify-self-auto\"><div class=\"wpb_column vc_column_container vc_col-sm-12\"><div class=\"vc_column-inner\"><div class=\"wpb_wrapper\">\n\t<div class=\"wpb_text_column wpb_content_element \" >\n\t\t<div class=\"wpb_wrapper\">\n\t\t\t<h2 class=\"movil-tcenter\" style=\"text-align: center\">IMPORTACIONES DE <span style=\"color: #333399\">PRODUCTOS PESQUEROS<\/span> DE GUATEMALA A <span style=\"color: #333399\">NOVIEMBRE <\/span>2024<\/h2>\n\n\t\t<\/div>\n\t<\/div>\n\n\t<div class=\"wpb_text_column wpb_content_element \" >\n\t\t<div class=\"wpb_wrapper\">\n\t\t\t<h3 style=\"text-align: left\"><span style=\"text-decoration: underline\">An\u00e1lisis de los Datos<\/span><\/h3>\n<p><strong>&#8211; Volumen:<\/strong> <strong>A noviembre 2024<\/strong> las importaciones de productos pesqueros experimentaron un crecimiento del 20% en comparaci\u00f3n con el mismo periodo del a\u00f1o anterior (94.88 millones de libras). Durante el 2024 se han importado <strong>113.54<\/strong> <strong>millones de libras.&nbsp;<\/strong><\/p>\n<p>&nbsp;<\/p>\n<p><strong>&#8211; Principales Mercados de Importaci\u00f3n:<\/strong> Panam\u00e1, Ecuador, Venezuela, Honduras, Seycheles, China, Tailandia, Vietn\u00e1m y Nicaragua, concentran una importante porci\u00f3n de las importaciones totales, en conjunto represetan el 84% de las importaciones durante el periodo analizado.<\/p>\n\n\t\t<\/div>\n\t<\/div>\n<\/div><\/div><\/div><\/div><div class=\"vc_row wpb_row vc_row-fluid\"><div class=\"wpb_column vc_column_container vc_col-sm-2\"><div class=\"vc_column-inner\"><div class=\"wpb_wrapper\"><\/div><\/div><\/div><div class=\"wpb_column vc_column_container vc_col-sm-8\"><div class=\"vc_column-inner\"><div class=\"wpb_wrapper\"><div class=\"wpb_gallery wpb_content_element vc_clearfix\" ><div class=\"wpb_wrapper\"><div class=\"wpb_gallery_slides wpb_flexslider flexslider_fade flexslider\" data-interval=\"5\" data-flex_fx=\"fade\"><ul class=\"slides\"><li><a class=\"\" href=\"\" data-lightbox=\"lightbox[rel-1951-1169819452]\"><\/a><\/li><li><a class=\"\" href=\"\" data-lightbox=\"lightbox[rel-1951-1169819452]\"><\/a><\/li><\/ul><\/div><\/div><\/div><\/div><\/div><\/div><div class=\"wpb_column vc_column_container vc_col-sm-2\"><div class=\"vc_column-inner\"><div class=\"wpb_wrapper\"><\/div><\/div><\/div><\/div><div class=\"vc_row wpb_row vc_row-fluid overall-width justify-self-auto\"><div class=\"wpb_column vc_column_container vc_col-sm-12\"><div class=\"vc_column-inner\"><div class=\"wpb_wrapper\"><div class=\"vc_empty_space\"   style=\"height: 50px\"><span class=\"vc_empty_space_inner\"><\/span><\/div>\n\t<div class=\"wpb_text_column wpb_content_element \" >\n\t\t<div class=\"wpb_wrapper\">\n\t\t\t<h2 style=\"text-align: center\">Plataformas y Servicios Relacionados<\/h2>\n\n\t\t<\/div>\n\t<\/div>\n<\/div><\/div><\/div><\/div><div class=\"vc_row wpb_row vc_row-fluid\"><div class=\"wpb_column vc_column_container vc_col-sm-1\"><div class=\"vc_column-inner\"><div class=\"wpb_wrapper\"><\/div><\/div><\/div><div class=\"wpb_column vc_column_container vc_col-sm-10\"><div class=\"vc_column-inner\"><div class=\"wpb_wrapper\">\t\t<section class=\"tdt-slider slider carrusel-servicios content-over-slider\" id=\"tdt-slider-99\" data-mobiles=\"1\" data-tabs=\"2\" data-scrolltab=\"1\" data-scrollmbl=\"1\" data-slick='{\"arrows\": true, \"autoplaySpeed\": 1500, \"speed\": 500, \"dots\": false, \"autoplay\": true, \"infinite\": true, \"adaptiveHeight\": true, \"pauseOnHover\": true, \"slidesToShow\": 4, \"slidesToScroll\": 1, \"fade\": false}'>\r\n\t\t    <div class=\"carousel-caption\" style=\"background: none;\">\r\n\t\t  <div>\r\n\t\t  \t\t\t  \t\t<a class=\"\" href=\"https:\/\/directorio.export.com.gt\/\" target=\"_blank\" title=\"\" data-slide=\"false\" >\r\n\t\t\t\t\t\t\t\t\t  \t<img decoding=\"async\" data-src=\"https:\/\/sectores.export.com.gt\/acuicultura-y-pesca\/wp-content\/uploads\/sites\/24\/2022\/06\/Directorio-de-Exportadores.png\" alt=\"\" class=\"ultimate-slide-img lazyload\" style=\"--smush-placeholder-width: 204px; --smush-placeholder-aspect-ratio: 204\/63;max-width: 100%; width: ; height: ; border-radius: ; margin-bottom: 15px;\" src=\"data:image\/svg+xml;base64,PHN2ZyB3aWR0aD0iMSIgaGVpZ2h0PSIxIiB4bWxucz0iaHR0cDovL3d3dy53My5vcmcvMjAwMC9zdmciPjwvc3ZnPg==\">\r\n\t\t\t\t\t\t\t\t\t\t<\/a>\r\n\t\t\t\t\t  \t<span class=\"content-section\" style=\"text-align: center; display: block;\">\r\n\t\t  \t\t\t\t\t  \t\t\t\t  \t\r\n\t\t\t  \t<br>\r\n\r\n\t\t\t  \t\t\t  \t<\/span>\r\n\t\t  <\/div>\r\n\t\t<\/div>\r\n\t\t\t\t<div class=\"carousel-caption\" style=\"background: none;\">\r\n\t\t  <div>\r\n\t\t  \t\t\t  \t\t<a class=\"\" href=\"https:\/\/observatorio.competitividad.gt\/\" target=\"_blank\" title=\"\" data-slide=\"false\" >\r\n\t\t\t\t\t\t\t\t\t  \t<img decoding=\"async\" data-src=\"https:\/\/sectores.export.com.gt\/acuicultura-y-pesca\/wp-content\/uploads\/sites\/24\/2022\/06\/Centro-de-Competitividad.png\" alt=\"\" class=\"ultimate-slide-img lazyload\" style=\"--smush-placeholder-width: 204px; --smush-placeholder-aspect-ratio: 204\/66;max-width: 100%; width: ; height: ; border-radius: ; margin-bottom: 15px;\" src=\"data:image\/svg+xml;base64,PHN2ZyB3aWR0aD0iMSIgaGVpZ2h0PSIxIiB4bWxucz0iaHR0cDovL3d3dy53My5vcmcvMjAwMC9zdmciPjwvc3ZnPg==\">\r\n\t\t\t\t\t\t\t\t\t\t<\/a>\r\n\t\t\t\t\t  \t<span class=\"content-section\" style=\"text-align: center; display: block;\">\r\n\t\t  \t\t\t\t\t  \t\t\t\t  \t\r\n\t\t\t  \t<br>\r\n\r\n\t\t\t  \t\t\t  \t<\/span>\r\n\t\t  <\/div>\r\n\t\t<\/div>\r\n\t\t\t\t<div class=\"carousel-caption\" style=\"background: none;\">\r\n\t\t  <div>\r\n\t\t  \t\t\t  \t\t<a class=\"\" href=\"https:\/\/www.export.com.gt\/calendario\" target=\"_blank\" title=\"\" data-slide=\"false\" >\r\n\t\t\t\t\t\t\t\t\t  \t<img decoding=\"async\" data-src=\"https:\/\/sectores.export.com.gt\/acuicultura-y-pesca\/wp-content\/uploads\/sites\/24\/2022\/06\/Calendario-de-Eventos.png\" alt=\"\" class=\"ultimate-slide-img lazyload\" style=\"--smush-placeholder-width: 212px; --smush-placeholder-aspect-ratio: 212\/65;max-width: 100%; width: ; height: ; border-radius: ; margin-bottom: 15px;\" src=\"data:image\/svg+xml;base64,PHN2ZyB3aWR0aD0iMSIgaGVpZ2h0PSIxIiB4bWxucz0iaHR0cDovL3d3dy53My5vcmcvMjAwMC9zdmciPjwvc3ZnPg==\">\r\n\t\t\t\t\t\t\t\t\t\t<\/a>\r\n\t\t\t\t\t  \t<span class=\"content-section\" style=\"text-align: center; display: block;\">\r\n\t\t  \t\t\t\t\t  \t\t\t\t  \t\r\n\t\t\t  \t<br>\r\n\r\n\t\t\t  \t\t\t  \t<\/span>\r\n\t\t  <\/div>\r\n\t\t<\/div>\r\n\t\t\t\t<div class=\"carousel-caption\" style=\"background: none;\">\r\n\t\t  <div>\r\n\t\t  \t\t\t  \t\t<a class=\"\" href=\"https:\/\/www.export.com.gt\/covid-19\/\" target=\"_blank\" title=\"\" data-slide=\"false\" >\r\n\t\t\t\t\t\t\t\t\t  \t<img decoding=\"async\" data-src=\"https:\/\/sectores.export.com.gt\/acuicultura-y-pesca\/wp-content\/uploads\/sites\/24\/2022\/06\/Iniciativa-COVID-19-1.png\" alt=\"\" class=\"ultimate-slide-img lazyload\" style=\"--smush-placeholder-width: 204px; --smush-placeholder-aspect-ratio: 204\/63;max-width: 100%; width: ; height: ; border-radius: ; margin-bottom: 15px;\" src=\"data:image\/svg+xml;base64,PHN2ZyB3aWR0aD0iMSIgaGVpZ2h0PSIxIiB4bWxucz0iaHR0cDovL3d3dy53My5vcmcvMjAwMC9zdmciPjwvc3ZnPg==\">\r\n\t\t\t\t\t\t\t\t\t\t<\/a>\r\n\t\t\t\t\t  \t<span class=\"content-section\" style=\"text-align: center; display: block;\">\r\n\t\t  \t\t\t\t\t  \t\t\t\t  \t\r\n\t\t\t  \t<br>\r\n\r\n\t\t\t  \t\t\t  \t<\/span>\r\n\t\t  <\/div>\r\n\t\t<\/div>\r\n\t\t\t\t<div class=\"carousel-caption\" style=\"background: none;\">\r\n\t\t  <div>\r\n\t\t  \t\t\t  \t\t<a class=\"\" href=\"https:\/\/www.export.com.gt\/servicios\" target=\"_blank\" title=\"\" data-slide=\"false\" >\r\n\t\t\t\t\t\t\t\t\t  \t<img decoding=\"async\" data-src=\"https:\/\/sectores.export.com.gt\/acuicultura-y-pesca\/wp-content\/uploads\/sites\/24\/2022\/06\/Servicios-para-empresarios-1.png\" alt=\"\" class=\"ultimate-slide-img lazyload\" style=\"--smush-placeholder-width: 204px; --smush-placeholder-aspect-ratio: 204\/66;max-width: 100%; width: ; height: ; border-radius: ; margin-bottom: 15px;\" src=\"data:image\/svg+xml;base64,PHN2ZyB3aWR0aD0iMSIgaGVpZ2h0PSIxIiB4bWxucz0iaHR0cDovL3d3dy53My5vcmcvMjAwMC9zdmciPjwvc3ZnPg==\">\r\n\t\t\t\t\t\t\t\t\t\t<\/a>\r\n\t\t\t\t\t  \t<span class=\"content-section\" style=\"text-align: center; display: block;\">\r\n\t\t  \t\t\t\t\t  \t\t\t\t  \t\r\n\t\t\t  \t<br>\r\n\r\n\t\t\t  \t\t\t  \t<\/span>\r\n\t\t  <\/div>\r\n\t\t<\/div>\n\t\t<\/section>\r\n\r\n\t\t<style>\r\n\t\t\t\t\t\t\t\t\t\t#tdt-slider-99 .slick-next:before, #tdt-slider-99 .slick-prev:before {\r\n\t\t\t\t\tcolor: #000000 !important;\r\n\t\t\t\t\tbackground:  !important;\r\n\t\t\t\t\tfont-size: 30px !important;\r\n\t\t\t\t}\r\n\t\t\t\t#tdt-slider-99 .slick-prev {\r\n\t\t\t\t\tleft: 1px !important;\r\n\t\t\t\t}\r\n\t\t\t\t#tdt-slider-99 .slick-next {\r\n\t\t\t\t\tright: 1px !important;\r\n\t\t\t\t}\r\n\t\t\t\t\t\t#tdt-slider-99 .slick-slide {\r\n\t\t\t\tpadding: 0 0px 15px 0px !important;\r\n\t\t\t}\r\n\t\t\t#tdt-slider-99 .content-section *{\r\n\t\t\t\t;\r\n\t\t\t}\r\n\t\t\t\t\t\t\t#tdt-slider-99.content-over-slider .slick-slide .content-section {\r\n\t\t\t\t\ttop: 15%;\r\n\t\t\t\t}\r\n\t\t\t\t@media only screen and (max-width: 480px) {\r\n\t\t\t\t\t#tdt-slider-99.content-over-slider .slick-slide .content-section {\r\n\t\t\t\t\t\ttop: 35px !important;\r\n\t\t\t\t\t}\r\n\t\t\t\t\t#tdt-slider-99.content-over-slider .ultimate-slide-img {\r\n\t\t\t\t\t\theight:  !important;\r\n\t\t\t\t\t}\r\n\t\t\t\t}\r\n\t\t\t\t\t<\/style>\r\n\t\t<\/div><\/div><\/div><div class=\"wpb_column vc_column_container vc_col-sm-1\"><div class=\"vc_column-inner\"><div class=\"wpb_wrapper\"><\/div><\/div><\/div><\/div>\n","protected":false},"excerpt":{"rendered":"Importaciones de Productos Pesqueros de Guatemala 2024 Inicio \/ Acuicultura y Pesca \/ Importaciones 2024\/ Fecha de Publicaci\u00f3n:&nbsp; 17 de enero de 2025 IMPORTACIONES DE PRODUCTOS PESQUEROS DE GUATEMALA 2024 La Oficina del Sector de Acuicultura y Pesca de AGEXPORT con base a la informaci\u00f3n proporcionada por el Banco de Guatemala (BANGUAT), presenta un an\u00e1lisis [...]","protected":false},"author":12,"featured_media":0,"parent":0,"menu_order":0,"comment_status":"closed","ping_status":"closed","template":"","meta":{"_acf_changed":false,"ngg_post_thumbnail":0,"footnotes":""},"class_list":["post-1951","page","type-page","status-publish","hentry"],"acf":[],"yoast_head":"<!-- This site is optimized with the Yoast SEO plugin v25.6 - https:\/\/yoast.com\/wordpress\/plugins\/seo\/ -->\n<title>Importaciones 2024<\/title>\n<meta name=\"robots\" content=\"index, follow, max-snippet:-1, max-image-preview:large, max-video-preview:-1\" \/>\n<link rel=\"canonical\" href=\"https:\/\/sectores.export.com.gt\/acuicultura-y-pesca\/importaciones-2024\/\" \/>\n<meta property=\"og:locale\" content=\"es_ES\" \/>\n<meta property=\"og:type\" content=\"article\" \/>\n<meta property=\"og:title\" content=\"Importaciones 2024\" \/>\n<meta property=\"og:url\" content=\"https:\/\/sectores.export.com.gt\/acuicultura-y-pesca\/importaciones-2024\/\" \/>\n<meta property=\"og:site_name\" content=\"Acuicultura y Pesca\" \/>\n<meta property=\"article:modified_time\" content=\"2025-01-17T18:06:49+00:00\" \/>\n<meta name=\"twitter:card\" content=\"summary_large_image\" \/>\n<meta name=\"twitter:label1\" content=\"Est. reading time\" \/>\n\t<meta name=\"twitter:data1\" content=\"6 minutos\" \/>\n<script type=\"application\/ld+json\" class=\"yoast-schema-graph\">{\"@context\":\"https:\/\/schema.org\",\"@graph\":[{\"@type\":\"WebPage\",\"@id\":\"https:\/\/sectores.export.com.gt\/acuicultura-y-pesca\/importaciones-2024\/\",\"url\":\"https:\/\/sectores.export.com.gt\/acuicultura-y-pesca\/importaciones-2024\/\",\"name\":\"Importaciones 2024\",\"isPartOf\":{\"@id\":\"https:\/\/sectores.export.com.gt\/acuicultura-y-pesca\/#website\"},\"datePublished\":\"2024-08-08T15:21:21+00:00\",\"dateModified\":\"2025-01-17T18:06:49+00:00\",\"breadcrumb\":{\"@id\":\"https:\/\/sectores.export.com.gt\/acuicultura-y-pesca\/importaciones-2024\/#breadcrumb\"},\"inLanguage\":\"es\",\"potentialAction\":[{\"@type\":\"ReadAction\",\"target\":[\"https:\/\/sectores.export.com.gt\/acuicultura-y-pesca\/importaciones-2024\/\"]}]},{\"@type\":\"BreadcrumbList\",\"@id\":\"https:\/\/sectores.export.com.gt\/acuicultura-y-pesca\/importaciones-2024\/#breadcrumb\",\"itemListElement\":[{\"@type\":\"ListItem\",\"position\":1,\"name\":\"Home\",\"item\":\"https:\/\/sectores.export.com.gt\/acuicultura-y-pesca\/\"},{\"@type\":\"ListItem\",\"position\":2,\"name\":\"Importaciones 2024\"}]},{\"@type\":\"WebSite\",\"@id\":\"https:\/\/sectores.export.com.gt\/acuicultura-y-pesca\/#website\",\"url\":\"https:\/\/sectores.export.com.gt\/acuicultura-y-pesca\/\",\"name\":\"Acuicultura y Pesca\",\"description\":\"Acuicultura y Pesca\",\"potentialAction\":[{\"@type\":\"SearchAction\",\"target\":{\"@type\":\"EntryPoint\",\"urlTemplate\":\"https:\/\/sectores.export.com.gt\/acuicultura-y-pesca\/?s={search_term_string}\"},\"query-input\":{\"@type\":\"PropertyValueSpecification\",\"valueRequired\":true,\"valueName\":\"search_term_string\"}}],\"inLanguage\":\"es\"}]}<\/script>\n<!-- \/ Yoast SEO plugin. -->","yoast_head_json":{"title":"Importaciones 2024","robots":{"index":"index","follow":"follow","max-snippet":"max-snippet:-1","max-image-preview":"max-image-preview:large","max-video-preview":"max-video-preview:-1"},"canonical":"https:\/\/sectores.export.com.gt\/acuicultura-y-pesca\/importaciones-2024\/","og_locale":"es_ES","og_type":"article","og_title":"Importaciones 2024","og_url":"https:\/\/sectores.export.com.gt\/acuicultura-y-pesca\/importaciones-2024\/","og_site_name":"Acuicultura y Pesca","article_modified_time":"2025-01-17T18:06:49+00:00","twitter_card":"summary_large_image","twitter_misc":{"Est. reading time":"6 minutos"},"schema":{"@context":"https:\/\/schema.org","@graph":[{"@type":"WebPage","@id":"https:\/\/sectores.export.com.gt\/acuicultura-y-pesca\/importaciones-2024\/","url":"https:\/\/sectores.export.com.gt\/acuicultura-y-pesca\/importaciones-2024\/","name":"Importaciones 2024","isPartOf":{"@id":"https:\/\/sectores.export.com.gt\/acuicultura-y-pesca\/#website"},"datePublished":"2024-08-08T15:21:21+00:00","dateModified":"2025-01-17T18:06:49+00:00","breadcrumb":{"@id":"https:\/\/sectores.export.com.gt\/acuicultura-y-pesca\/importaciones-2024\/#breadcrumb"},"inLanguage":"es","potentialAction":[{"@type":"ReadAction","target":["https:\/\/sectores.export.com.gt\/acuicultura-y-pesca\/importaciones-2024\/"]}]},{"@type":"BreadcrumbList","@id":"https:\/\/sectores.export.com.gt\/acuicultura-y-pesca\/importaciones-2024\/#breadcrumb","itemListElement":[{"@type":"ListItem","position":1,"name":"Home","item":"https:\/\/sectores.export.com.gt\/acuicultura-y-pesca\/"},{"@type":"ListItem","position":2,"name":"Importaciones 2024"}]},{"@type":"WebSite","@id":"https:\/\/sectores.export.com.gt\/acuicultura-y-pesca\/#website","url":"https:\/\/sectores.export.com.gt\/acuicultura-y-pesca\/","name":"Acuicultura y Pesca","description":"Acuicultura y Pesca","potentialAction":[{"@type":"SearchAction","target":{"@type":"EntryPoint","urlTemplate":"https:\/\/sectores.export.com.gt\/acuicultura-y-pesca\/?s={search_term_string}"},"query-input":{"@type":"PropertyValueSpecification","valueRequired":true,"valueName":"search_term_string"}}],"inLanguage":"es"}]}},"_links":{"self":[{"href":"https:\/\/sectores.export.com.gt\/acuicultura-y-pesca\/wp-json\/wp\/v2\/pages\/1951","targetHints":{"allow":["GET"]}}],"collection":[{"href":"https:\/\/sectores.export.com.gt\/acuicultura-y-pesca\/wp-json\/wp\/v2\/pages"}],"about":[{"href":"https:\/\/sectores.export.com.gt\/acuicultura-y-pesca\/wp-json\/wp\/v2\/types\/page"}],"author":[{"embeddable":true,"href":"https:\/\/sectores.export.com.gt\/acuicultura-y-pesca\/wp-json\/wp\/v2\/users\/12"}],"replies":[{"embeddable":true,"href":"https:\/\/sectores.export.com.gt\/acuicultura-y-pesca\/wp-json\/wp\/v2\/comments?post=1951"}],"version-history":[{"count":9,"href":"https:\/\/sectores.export.com.gt\/acuicultura-y-pesca\/wp-json\/wp\/v2\/pages\/1951\/revisions"}],"predecessor-version":[{"id":2254,"href":"https:\/\/sectores.export.com.gt\/acuicultura-y-pesca\/wp-json\/wp\/v2\/pages\/1951\/revisions\/2254"}],"wp:attachment":[{"href":"https:\/\/sectores.export.com.gt\/acuicultura-y-pesca\/wp-json\/wp\/v2\/media?parent=1951"}],"curies":[{"name":"wp","href":"https:\/\/api.w.org\/{rel}","templated":true}]}}