{"id":166,"date":"2022-05-11T22:01:52","date_gmt":"2022-05-11T22:01:52","guid":{"rendered":"https:\/\/sectores.export.com.gt\/servicios\/?page_id=166"},"modified":"2023-02-08T19:14:57","modified_gmt":"2023-02-08T19:14:57","slug":"datos-estadisticos","status":"publish","type":"page","link":"https:\/\/sectores.export.com.gt\/acuicultura-y-pesca\/datos-estadisticos\/","title":{"rendered":"Datos estad\u00edsticos"},"content":{"rendered":"<div class=\"vc_row wpb_row vc_row-fluid\"><div class=\"wpb_column vc_column_container vc_col-sm-12\"><div class=\"vc_column-inner\"><div class=\"wpb_wrapper\">\n\t\t\t<!-- START Cifras de exportaci\u00f3n REVOLUTION SLIDER 6.3.6 --><p class=\"rs-p-wp-fix\"><\/p>\n\t\t\t<rs-module-wrap id=\"rev_slider_2_1_wrapper\" data-source=\"gallery\" style=\"background:transparent;padding:0;margin:0px auto;margin-top:0;margin-bottom:0;\">\n\t\t\t\t<rs-module id=\"rev_slider_2_1\" style=\"\" data-version=\"6.3.6\">\n\t\t\t\t\t<rs-slides>\n\t\t\t\t\t\t<rs-slide data-key=\"rs-2\" data-title=\"Slide\" data-anim=\"ei:d;eo:d;s:1000;r:0;t:fade;sl:0;\">\n\t\t\t\t\t\t\t<img decoding=\"async\" data-src=\"\/\/sectores.export.com.gt\/acuicultura-y-pesca\/wp-content\/uploads\/sites\/24\/2022\/06\/1-Sobre-nosotros-fondo.jpg\" title=\"Fondo Azul\" width=\"1443\" height=\"270\" class=\"rev-slidebg lazyload\" data-no-retina src=\"data:image\/svg+xml;base64,PHN2ZyB3aWR0aD0iMSIgaGVpZ2h0PSIxIiB4bWxucz0iaHR0cDovL3d3dy53My5vcmcvMjAwMC9zdmciPjwvc3ZnPg==\" style=\"--smush-placeholder-width: 1443px; --smush-placeholder-aspect-ratio: 1443\/270;\">\n<!--\n\t\t\t\t\t\t\t--><h1\n\t\t\t\t\t\t\t\tid=\"slider-2-slide-2-layer-0\" \n\t\t\t\t\t\t\t\tclass=\"rs-layer\"\n\t\t\t\t\t\t\t\tdata-type=\"text\"\n\t\t\t\t\t\t\t\tdata-color=\"#ffffff\"\n\t\t\t\t\t\t\t\tdata-rsp_ch=\"on\"\n\t\t\t\t\t\t\t\tdata-xy=\"x:c;y:117px;\"\n\t\t\t\t\t\t\t\tdata-text=\"w:normal;s:45;l:31;fw:800;\"\n\t\t\t\t\t\t\t\tdata-frame_999=\"o:0;st:w;\"\n\t\t\t\t\t\t\t\tstyle=\"z-index:5;font-family:Jost;\"\n\t\t\t\t\t\t\t>Inversionistas \n\t\t\t\t\t\t\t<\/h1><!--\n-->\t\t\t\t\t\t<\/rs-slide>\n\t\t\t\t\t<\/rs-slides>\n\t\t\t\t<\/rs-module>\n\t\t\t<\/rs-module-wrap>\n\t\t\t<!-- END REVOLUTION SLIDER -->\n<\/div><\/div><\/div><\/div><div class=\"vc_row wpb_row vc_row-fluid vc_custom_1667887203991 vc_row-has-fill\"><div class=\"wpb_column vc_column_container vc_col-sm-12\"><div class=\"vc_column-inner\"><div class=\"wpb_wrapper\"><div class=\"vc_row wpb_row vc_inner vc_row-fluid overall-width justify-self-auto vc_custom_1652402761275 vc_row-o-content-middle vc_row-flex\"><div class=\"wpb_column vc_column_container vc_col-sm-5\"><div class=\"vc_column-inner\"><div class=\"wpb_wrapper\">\n\t<div class=\"wpb_text_column wpb_content_element \" >\n\t\t<div class=\"wpb_wrapper\">\n\t\t\t<h2><span style=\"color: #ffffff;\">Directorio de Exportadores<\/span><br \/>\n<span style=\"color: #ffffff;\">Sector Acuicultura y Pesca<\/span><\/h2>\n\n\t\t<\/div>\n\t<\/div>\n<\/div><\/div><\/div><div class=\"wpb_column vc_column_container vc_col-sm-7\"><div class=\"vc_column-inner\"><div class=\"wpb_wrapper\">        <div class=\"directorio-search\">\n            <div class=\"row\">\n                <div class=\"col-12\">\n                    Bienvenido al Directorio de Exportadores\n                <\/div>\n            <\/div>\n            <div class=\"row\">\n                <div class=\"col-12\">\n                    En pocos pasos, podr\u00e1 encontrar una amplia oferta exportable en el Sector Acuicultura y Pesca por favor, ingrese una palabra y categor\u00eda de su inter\u00e9s.\n                <\/div>\n            <\/div>\n            <form action=\"https:\/\/directorio.export.com.gt\/\" method=\"POST\" class=\"form-directorio\" target=\"_blank\">\n                <div class=\"row\">\n                    <input type=\"hidden\" name=\"categ\" value=\"4\">\n                                        <input type=\"hidden\" name=\"urlreferer\" value=\"sectores.export.com.gt\/acuicultura-y-pesca\/wp-json\/wp\/v2\/pages\/166\">\n                    <div class=\"col-lg-4 col-sm-12\">\n                                        \t\t                    \t\t                    \t\t\t                    \t\t                    \t\t\t                    \t\t                    \t\t\t                    \t\t                    \t\t\t                    \t\t                    \t\t\t                    \t\t                    \t\t\t                    \t\t                    \t\t\t                    \t\t                    \t\t\t                    \t\t                    \t\t\t                    \t\t                    \t\t\t                    \t\t                    \t\t\t                    \t\t                    \t\t\t                    \t\t                    \t\t\t                    \t\t                    \t\t\t                    \t\t                    \t\t\t                    \t\t\t<input type=\"hidden\" name=\"id_industria\" value=\"Acuicultura y Pesca\">\n\t                    \t\t\t\t                    \t\t\t\t\t                    \t\t\t\t                    \t\t\t\t\t                    \t\t\t\t\t<select name=\"id_categoria\" class=\"select-search\" style=\"padding-left:4px\">\n\t                    \t\t\t\t\t<option value=\"\" selected disabled>Categor\u00edas<\/option>\n\t\t                    \t\t\t\t\t\t\t                    \t\t\t\t\t\t<option value=\"Alimentos Balanceado\">Alimentos Balanceado<\/option>\n\t\t                    \t\t\t\t\t\t\t                    \t\t\t\t\t\t<option value=\"Cultivo de Camar\u00f3n\">Cultivo de Camar\u00f3n<\/option>\n\t\t                    \t\t\t\t\t\t\t                    \t\t\t\t\t\t<option value=\"Cultivo de Tilapia\">Cultivo de Tilapia<\/option>\n\t\t                    \t\t\t\t\t\t\t                    \t\t\t\t\t\t<option value=\"Pesca de At\u00fan\">Pesca de At\u00fan<\/option>\n\t\t                    \t\t\t\t\t\t\t                    \t\t\t\t\t\t<option value=\"Plantas de Procesamiento\">Plantas de Procesamiento<\/option>\n\t\t                    \t\t\t\t\t\t                    \t\t\t\t\t<\/select>  \n\t                    \t\t\t\t\t                    \t\t\t\t                    \t\t\t\t\t                    \t\t\t\t                    \t\t\t\t\t                    \t\t\t\t                    \t\t\t\t\t                    \t\t\t\t                    \t\t\t\t\t                    \t\t\t\t                    \t\t\t\t\t                    \t\t\t\t                    \t\t\t\t\t                    \t\t\t\t                    \t\t\t\t\t                    \t\t\t\t                    \t\t\t\t\t                    \t\t\t\t                    \t\t\t\t\t                    \t\t\t\t                    \t\t\t\t\t                    \t\t\t\t                    \t\t\t\t\t                    \t\t\t\t                    \t\t\t\t\t                    \t\t\t\t                    \t\t\t\t\t                    \t\t\t\t                    \t\t\t\t\t                    \t\t\t\t                    \t\t\t\t\t                    \t\t\t\t                    \t\t\t\t\t                    \t\t\t\t                    \t\t\t\t\t                    \t\t\t\t                    \t\t\t\t\t                    \t\t\t\t                    \t\t\t\t\t                    \t\t\t\t                    \t\t\t\t\t                    \t\t\t\t                    \t\t\t\t\t                    \t\t\t\t                    \t\t\t\t\t                    \t\t\t\t                    \t\t\t\t\t                    \t\t\t\t                    \t\t\t\t\t                    \t\t\t\t                    \t\t\t\t\t                    \t\t\t\t                    \t\t\t\t\t                    \t\t\t\t                    \t\t\t\t\t                    \t\t\t\t                    \t\t\t                    \t\t                    \t\t\t                    \t\t                    \t\t\t                    \t\t                    \t\t\t                    \t\t                    \t\t\t                    \t\t                    \t\t\t                    \t\t                    \t\t\t                    \t\t                    \t\t\t                    \t\t                    \t\t\t                    \t\t                    \t\t\t                    \t\t                    \t\t\t                    \t                    \t                                        <\/div>\n                    <div class=\"col-lg-4 col-sm-12\">\n                        <input type=\"text\" class=\"keyword-search\" name=\"palabra\" id=\"\" placeholder=\"Escriba una palabra clave\">\n                    <\/div>\n                    <div class=\"col-lg-4 col-sm-12\">\n                        <button type=\"submit\" name=\"buscar\" value=\"Buscar\" class=\"button-search\">Iniciar b\u00fasqueda<\/button>\n                    <\/div>\n                <\/div>\n            <\/form>\n        <\/div>\n        \n       \n\t<div class=\"wpb_text_column wpb_content_element \" >\n\t\t<div class=\"wpb_wrapper\">\n\t\t\t\n\n\t\t<\/div>\n\t<\/div>\n<\/div><\/div><\/div><\/div><\/div><\/div><\/div><\/div><div class=\"vc_row wpb_row vc_row-fluid overall-width justify-self-auto\"><div class=\"wpb_column vc_column_container vc_col-sm-12\"><div class=\"vc_column-inner\"><div class=\"wpb_wrapper\"><div id='breadcrumb' class=\"w-full mt-12\">\n    <div class=\"flex items-center w-full bg-header-light rounded px-2\">\n        <a href=\"#\">\n            <ion-icon name=\"home-sharp\" class=\"w-3.5 h-3.5 text-body-grey-02\"><\/ion-icon>\n        <\/a>\n        <span class=\"font-assistant font-normal text-base\">\n            <span class=\"breadcrumb-options-additionals\">\n                                <a href=\"https:\/\/sectores.export.com.gt\/acuicultura-y-pesca\">Inicio<\/a> \/ \n                <a href=\"https:\/\/sectores.export.com.gt\/acuicultura-y-pesca\">Acuicultura y Pesca<\/a> \/\n                                    <span style=\"padding: 0px 10px;\">Datos estad\u00edsticos<\/span>\/\n                            <\/span>\n        <\/span>\n    <\/div>\n<\/div>\n\t<div class=\"wpb_text_column wpb_content_element \" >\n\t\t<div class=\"wpb_wrapper\">\n\t\t\t\n\n\t\t<\/div>\n\t<\/div>\n<\/div><\/div><\/div><\/div><div class=\"vc_row wpb_row vc_row-fluid overall-width justify-self-auto vc_custom_1654809007811\"><div class=\"wpb_column vc_column_container vc_col-sm-12\"><div class=\"vc_column-inner\"><div class=\"wpb_wrapper\">\n\t<div class=\"wpb_text_column wpb_content_element \" >\n\t\t<div class=\"wpb_wrapper\">\n\t\t\t<h2 style=\"text-align: center;\">Datos Estad\u00edsticos<\/h2>\n<p>&nbsp;<\/p>\n<p>&nbsp;<\/p>\n<p>Los productos de camar\u00f3n constituyen el los productores emblem\u00e1ticos del Sector seguidos por el at\u00fan. Dentro de las industrias del Sector, las plantas de proceso son determinantes en las exportaciones de los productos y su fuerza laboral est\u00e1 conformada principalmente mujeres. El Sector de Acuicultura y Pesca contribuye cada vez m\u00e1s con las exportaciones del pa\u00eds <\/p>\n\n\t\t<\/div>\n\t<\/div>\n<\/div><\/div><\/div><\/div><div class=\"vc_row wpb_row vc_row-fluid overall-width justify-self-auto vc_custom_1654809182678\"><div class=\"wpb_column vc_column_container vc_col-sm-12\"><div class=\"vc_column-inner\"><div class=\"wpb_wrapper\">\n\t<div class=\"wpb_text_column wpb_content_element  overall-width justify-self-auto\" >\n\t\t<div class=\"wpb_wrapper\">\n\t\t\t<p class=\"p1\"><span class=\"s1\"><\/span><\/p>\n\n\t\t<\/div>\n\t<\/div>\n<\/div><\/div><\/div><\/div><div class=\"vc_row wpb_row vc_row-fluid overall-width justify-self-auto vc_custom_1654809027043\"><div class=\"wpb_column vc_column_container vc_col-sm-8\"><div class=\"vc_column-inner vc_custom_1652306895879\"><div class=\"wpb_wrapper\">\n\t<div class=\"wpb_text_column wpb_content_element \" >\n\t\t<div class=\"wpb_wrapper\">\n\t\t\t<h3>Accede a toda la informaci\u00f3n de exportaci\u00f3n desde Observatorio de Competitividad<\/h3>\n<p>&nbsp;<\/p>\n<p>&nbsp;<\/p>\n<p>El Observatorio de Competitividad del Sector Exportador es una herramienta que AGEXPORT pone en manos de empresas exportadoras, tomadores de decisi\u00f3n p\u00fablicos y privados, sector acad\u00e9mico, medios de comunicaci\u00f3n y p\u00fablico en general, con el objetivo de visualizar los indicadores que m\u00e1s impactan en la competitividad de las exportaciones y la toma de decisiones por parte de los diferentes actores.<\/p>\n\n\t\t<\/div>\n\t<\/div>\n<div class=\"vc_btn3-container vc_btn3-inline\" ><a style=\"background-color:#3c6ba5; color:#ffffff;\" class=\"vc_general vc_btn3 vc_btn3-size-md vc_btn3-shape-rounded vc_btn3-style-custom\" href=\"https:\/\/observatorio.competitividad.gt\/\" title=\"Ingresa aqu\u00ed\" target=\"_blank\">Ingresa aqu\u00ed<\/a><\/div><\/div><\/div><\/div><div class=\"wpb_column vc_column_container vc_col-sm-4\"><div class=\"vc_column-inner\"><div class=\"wpb_wrapper\">\n\t<div  class=\"wpb_single_image wpb_content_element vc_align_right\">\n\t\t\n\t\t<figure class=\"wpb_wrapper vc_figure\">\n\t\t\t<div class=\"vc_single_image-wrapper   vc_box_border_grey\"><img decoding=\"async\" width=\"364\" height=\"389\" data-src=\"https:\/\/sectores.export.com.gt\/acuicultura-y-pesca\/wp-content\/uploads\/sites\/24\/2022\/06\/img-cifras-exportacion-1.png\" class=\"vc_single_image-img attachment-full lazyload\" alt=\"\" title=\"Observatorio de Competitividad\" data-srcset=\"https:\/\/sectores.export.com.gt\/acuicultura-y-pesca\/wp-content\/uploads\/sites\/24\/2022\/06\/img-cifras-exportacion-1.png 364w, https:\/\/sectores.export.com.gt\/acuicultura-y-pesca\/wp-content\/uploads\/sites\/24\/2022\/06\/img-cifras-exportacion-1-281x300.png 281w, https:\/\/sectores.export.com.gt\/acuicultura-y-pesca\/wp-content\/uploads\/sites\/24\/2022\/06\/img-cifras-exportacion-1-11x12.png 11w\" data-sizes=\"(max-width: 364px) 100vw, 364px\" src=\"data:image\/svg+xml;base64,PHN2ZyB3aWR0aD0iMSIgaGVpZ2h0PSIxIiB4bWxucz0iaHR0cDovL3d3dy53My5vcmcvMjAwMC9zdmciPjwvc3ZnPg==\" style=\"--smush-placeholder-width: 364px; --smush-placeholder-aspect-ratio: 364\/389;\" \/><\/div>\n\t\t<\/figure>\n\t<\/div>\n<\/div><\/div><\/div><\/div><div class=\"vc_row wpb_row vc_row-fluid overall-width justify-self-auto vc_custom_1654809080409\"><div class=\"wpb_column vc_column_container vc_col-sm-12\"><div class=\"vc_column-inner\"><div class=\"wpb_wrapper\">\n\t<div class=\"wpb_text_column wpb_content_element \" >\n\t\t<div class=\"wpb_wrapper\">\n\t\t\t<h2 style=\"text-align: center;\">Plataformas y servicios relacionadas<\/h2>\n\n\t\t<\/div>\n\t<\/div>\n<div class=\"wpb_images_carousel wpb_content_element vc_clearfix\"><div class=\"wpb_wrapper\"><div id=\"vc_images-carousel-1-1776432647\" data-ride=\"vc_carousel\" data-wrap=\"true\" style=\"width: 100%;\" data-interval=\"0\" data-auto-height=\"yes\" data-mode=\"horizontal\" data-partial=\"false\" data-per-view=\"5\" data-hide-on-end=\"true\" class=\"vc_slide vc_images_carousel\"><div class=\"vc_carousel-inner\"><div class=\"vc_carousel-slideline\"><div class=\"vc_carousel-slideline-inner\"><div class=\"vc_item\"><div class=\"vc_inner\"><a href=\"https:\/\/www.export.com.gt\/servicios\" target=\"_blank\"><img decoding=\"async\" width=\"204\" height=\"66\" data-src=\"https:\/\/sectores.export.com.gt\/acuicultura-y-pesca\/wp-content\/uploads\/sites\/24\/2022\/06\/Servicios-para-empresarios-1.png\" class=\"attachment-full lazyload\" alt=\"\" title=\"Servicios-para-empresarios-1\" data-srcset=\"https:\/\/sectores.export.com.gt\/acuicultura-y-pesca\/wp-content\/uploads\/sites\/24\/2022\/06\/Servicios-para-empresarios-1.png 204w, https:\/\/sectores.export.com.gt\/acuicultura-y-pesca\/wp-content\/uploads\/sites\/24\/2022\/06\/Servicios-para-empresarios-1-18x6.png 18w\" data-sizes=\"(max-width: 204px) 100vw, 204px\" src=\"data:image\/svg+xml;base64,PHN2ZyB3aWR0aD0iMSIgaGVpZ2h0PSIxIiB4bWxucz0iaHR0cDovL3d3dy53My5vcmcvMjAwMC9zdmciPjwvc3ZnPg==\" style=\"--smush-placeholder-width: 204px; --smush-placeholder-aspect-ratio: 204\/66;\" \/><\/a><\/div><\/div><div class=\"vc_item\"><div class=\"vc_inner\"><a href=\"https:\/\/www.export.com.gt\/calendario\" target=\"_blank\"><img decoding=\"async\" width=\"212\" height=\"65\" data-src=\"https:\/\/sectores.export.com.gt\/acuicultura-y-pesca\/wp-content\/uploads\/sites\/24\/2022\/06\/Calendario-de-Eventos.png\" class=\"attachment-full lazyload\" alt=\"\" title=\"Calendario-de-Eventos\" data-srcset=\"https:\/\/sectores.export.com.gt\/acuicultura-y-pesca\/wp-content\/uploads\/sites\/24\/2022\/06\/Calendario-de-Eventos.png 212w, https:\/\/sectores.export.com.gt\/acuicultura-y-pesca\/wp-content\/uploads\/sites\/24\/2022\/06\/Calendario-de-Eventos-18x6.png 18w\" data-sizes=\"(max-width: 212px) 100vw, 212px\" src=\"data:image\/svg+xml;base64,PHN2ZyB3aWR0aD0iMSIgaGVpZ2h0PSIxIiB4bWxucz0iaHR0cDovL3d3dy53My5vcmcvMjAwMC9zdmciPjwvc3ZnPg==\" style=\"--smush-placeholder-width: 212px; --smush-placeholder-aspect-ratio: 212\/65;\" \/><\/a><\/div><\/div><div class=\"vc_item\"><div class=\"vc_inner\"><a href=\"https:\/\/observatorio.competitividad.gt\/\" target=\"_blank\"><img decoding=\"async\" width=\"204\" height=\"66\" data-src=\"https:\/\/sectores.export.com.gt\/acuicultura-y-pesca\/wp-content\/uploads\/sites\/24\/2022\/06\/Centro-de-Competitividad.png\" class=\"attachment-full lazyload\" alt=\"\" title=\"Centro-de-Competitividad\" data-srcset=\"https:\/\/sectores.export.com.gt\/acuicultura-y-pesca\/wp-content\/uploads\/sites\/24\/2022\/06\/Centro-de-Competitividad.png 204w, https:\/\/sectores.export.com.gt\/acuicultura-y-pesca\/wp-content\/uploads\/sites\/24\/2022\/06\/Centro-de-Competitividad-18x6.png 18w\" data-sizes=\"(max-width: 204px) 100vw, 204px\" src=\"data:image\/svg+xml;base64,PHN2ZyB3aWR0aD0iMSIgaGVpZ2h0PSIxIiB4bWxucz0iaHR0cDovL3d3dy53My5vcmcvMjAwMC9zdmciPjwvc3ZnPg==\" style=\"--smush-placeholder-width: 204px; --smush-placeholder-aspect-ratio: 204\/66;\" \/><\/a><\/div><\/div><div class=\"vc_item\"><div class=\"vc_inner\"><a href=\"https:\/\/directorio.export.com.gt\/\" target=\"_blank\"><img decoding=\"async\" width=\"204\" height=\"63\" data-src=\"https:\/\/sectores.export.com.gt\/acuicultura-y-pesca\/wp-content\/uploads\/sites\/24\/2022\/06\/Directorio-de-Exportadores.png\" class=\"attachment-full lazyload\" alt=\"\" title=\"Directorio-de-Exportadores\" data-srcset=\"https:\/\/sectores.export.com.gt\/acuicultura-y-pesca\/wp-content\/uploads\/sites\/24\/2022\/06\/Directorio-de-Exportadores.png 204w, https:\/\/sectores.export.com.gt\/acuicultura-y-pesca\/wp-content\/uploads\/sites\/24\/2022\/06\/Directorio-de-Exportadores-18x6.png 18w\" data-sizes=\"(max-width: 204px) 100vw, 204px\" src=\"data:image\/svg+xml;base64,PHN2ZyB3aWR0aD0iMSIgaGVpZ2h0PSIxIiB4bWxucz0iaHR0cDovL3d3dy53My5vcmcvMjAwMC9zdmciPjwvc3ZnPg==\" style=\"--smush-placeholder-width: 204px; --smush-placeholder-aspect-ratio: 204\/63;\" \/><\/a><\/div><\/div><div class=\"vc_item\"><div class=\"vc_inner\"><a href=\"https:\/\/www.export.com.gt\/covid-19\/\" target=\"_blank\"><img decoding=\"async\" width=\"204\" height=\"63\" data-src=\"https:\/\/sectores.export.com.gt\/acuicultura-y-pesca\/wp-content\/uploads\/sites\/24\/2022\/06\/Iniciativa-COVID-19-1.png\" class=\"attachment-full lazyload\" alt=\"\" title=\"Iniciativa-COVID-19-1\" data-srcset=\"https:\/\/sectores.export.com.gt\/acuicultura-y-pesca\/wp-content\/uploads\/sites\/24\/2022\/06\/Iniciativa-COVID-19-1.png 204w, https:\/\/sectores.export.com.gt\/acuicultura-y-pesca\/wp-content\/uploads\/sites\/24\/2022\/06\/Iniciativa-COVID-19-1-18x6.png 18w\" data-sizes=\"(max-width: 204px) 100vw, 204px\" src=\"data:image\/svg+xml;base64,PHN2ZyB3aWR0aD0iMSIgaGVpZ2h0PSIxIiB4bWxucz0iaHR0cDovL3d3dy53My5vcmcvMjAwMC9zdmciPjwvc3ZnPg==\" style=\"--smush-placeholder-width: 204px; --smush-placeholder-aspect-ratio: 204\/63;\" \/><\/a><\/div><\/div><\/div><\/div><\/div><a class=\"vc_left vc_carousel-control\" href=\"#vc_images-carousel-1-1776432647\" data-slide=\"prev\"><span class=\"icon-prev\"><\/span><\/a><a class=\"vc_right vc_carousel-control\" href=\"#vc_images-carousel-1-1776432647\" data-slide=\"next\"><span class=\"icon-next\"><\/span><\/a><\/div><\/div><\/div><\/div><\/div><\/div><\/div>\n","protected":false},"excerpt":{"rendered":"Inversionistas Directorio de Exportadores Sector Acuicultura y Pesca Bienvenido al Directorio de Exportadores En pocos pasos, podr\u00e1 encontrar una amplia oferta exportable en el Sector Acuicultura y Pesca por favor, ingrese una palabra y categor\u00eda de su inter\u00e9s. Categor\u00edas Alimentos Balanceado Cultivo de Camar\u00f3n Cultivo de Tilapia Pesca de At\u00fan Plantas de Procesamiento Iniciar b\u00fasqueda [...]","protected":false},"author":1,"featured_media":0,"parent":0,"menu_order":0,"comment_status":"closed","ping_status":"closed","template":"","meta":{"_acf_changed":false,"ngg_post_thumbnail":0,"footnotes":""},"class_list":["post-166","page","type-page","status-publish","hentry"],"acf":[],"yoast_head":"<!-- This site is optimized with the Yoast SEO plugin v25.6 - https:\/\/yoast.com\/wordpress\/plugins\/seo\/ -->\n<title>Datos estad\u00edsticos Acuicultura y Pesca<\/title>\n<meta name=\"robots\" content=\"index, follow, max-snippet:-1, max-image-preview:large, max-video-preview:-1\" \/>\n<link rel=\"canonical\" href=\"https:\/\/sectores.export.com.gt\/acuicultura-y-pesca\/datos-estadisticos\/\" \/>\n<meta property=\"og:locale\" content=\"es_ES\" \/>\n<meta property=\"og:type\" content=\"article\" \/>\n<meta property=\"og:title\" content=\"Datos estad\u00edsticos Acuicultura y Pesca\" \/>\n<meta property=\"og:url\" content=\"https:\/\/sectores.export.com.gt\/acuicultura-y-pesca\/datos-estadisticos\/\" \/>\n<meta property=\"og:site_name\" content=\"Acuicultura y Pesca\" \/>\n<meta property=\"article:modified_time\" content=\"2023-02-08T19:14:57+00:00\" \/>\n<meta name=\"twitter:card\" content=\"summary_large_image\" \/>\n<meta name=\"twitter:label1\" content=\"Est. reading time\" \/>\n\t<meta name=\"twitter:data1\" content=\"2 minutos\" \/>\n<script type=\"application\/ld+json\" class=\"yoast-schema-graph\">{\"@context\":\"https:\/\/schema.org\",\"@graph\":[{\"@type\":\"WebPage\",\"@id\":\"https:\/\/sectores.export.com.gt\/acuicultura-y-pesca\/datos-estadisticos\/\",\"url\":\"https:\/\/sectores.export.com.gt\/acuicultura-y-pesca\/datos-estadisticos\/\",\"name\":\"Datos estad\u00edsticos Acuicultura y Pesca\",\"isPartOf\":{\"@id\":\"https:\/\/sectores.export.com.gt\/acuicultura-y-pesca\/#website\"},\"datePublished\":\"2022-05-11T22:01:52+00:00\",\"dateModified\":\"2023-02-08T19:14:57+00:00\",\"breadcrumb\":{\"@id\":\"https:\/\/sectores.export.com.gt\/acuicultura-y-pesca\/datos-estadisticos\/#breadcrumb\"},\"inLanguage\":\"es\",\"potentialAction\":[{\"@type\":\"ReadAction\",\"target\":[\"https:\/\/sectores.export.com.gt\/acuicultura-y-pesca\/datos-estadisticos\/\"]}]},{\"@type\":\"BreadcrumbList\",\"@id\":\"https:\/\/sectores.export.com.gt\/acuicultura-y-pesca\/datos-estadisticos\/#breadcrumb\",\"itemListElement\":[{\"@type\":\"ListItem\",\"position\":1,\"name\":\"Home\",\"item\":\"https:\/\/sectores.export.com.gt\/acuicultura-y-pesca\/\"},{\"@type\":\"ListItem\",\"position\":2,\"name\":\"Datos estad\u00edsticos\"}]},{\"@type\":\"WebSite\",\"@id\":\"https:\/\/sectores.export.com.gt\/acuicultura-y-pesca\/#website\",\"url\":\"https:\/\/sectores.export.com.gt\/acuicultura-y-pesca\/\",\"name\":\"Acuicultura y Pesca\",\"description\":\"Acuicultura y Pesca\",\"potentialAction\":[{\"@type\":\"SearchAction\",\"target\":{\"@type\":\"EntryPoint\",\"urlTemplate\":\"https:\/\/sectores.export.com.gt\/acuicultura-y-pesca\/?s={search_term_string}\"},\"query-input\":{\"@type\":\"PropertyValueSpecification\",\"valueRequired\":true,\"valueName\":\"search_term_string\"}}],\"inLanguage\":\"es\"}]}<\/script>\n<!-- \/ Yoast SEO plugin. -->","yoast_head_json":{"title":"Datos estad\u00edsticos Acuicultura y Pesca","robots":{"index":"index","follow":"follow","max-snippet":"max-snippet:-1","max-image-preview":"max-image-preview:large","max-video-preview":"max-video-preview:-1"},"canonical":"https:\/\/sectores.export.com.gt\/acuicultura-y-pesca\/datos-estadisticos\/","og_locale":"es_ES","og_type":"article","og_title":"Datos estad\u00edsticos Acuicultura y Pesca","og_url":"https:\/\/sectores.export.com.gt\/acuicultura-y-pesca\/datos-estadisticos\/","og_site_name":"Acuicultura y Pesca","article_modified_time":"2023-02-08T19:14:57+00:00","twitter_card":"summary_large_image","twitter_misc":{"Est. reading time":"2 minutos"},"schema":{"@context":"https:\/\/schema.org","@graph":[{"@type":"WebPage","@id":"https:\/\/sectores.export.com.gt\/acuicultura-y-pesca\/datos-estadisticos\/","url":"https:\/\/sectores.export.com.gt\/acuicultura-y-pesca\/datos-estadisticos\/","name":"Datos estad\u00edsticos Acuicultura y Pesca","isPartOf":{"@id":"https:\/\/sectores.export.com.gt\/acuicultura-y-pesca\/#website"},"datePublished":"2022-05-11T22:01:52+00:00","dateModified":"2023-02-08T19:14:57+00:00","breadcrumb":{"@id":"https:\/\/sectores.export.com.gt\/acuicultura-y-pesca\/datos-estadisticos\/#breadcrumb"},"inLanguage":"es","potentialAction":[{"@type":"ReadAction","target":["https:\/\/sectores.export.com.gt\/acuicultura-y-pesca\/datos-estadisticos\/"]}]},{"@type":"BreadcrumbList","@id":"https:\/\/sectores.export.com.gt\/acuicultura-y-pesca\/datos-estadisticos\/#breadcrumb","itemListElement":[{"@type":"ListItem","position":1,"name":"Home","item":"https:\/\/sectores.export.com.gt\/acuicultura-y-pesca\/"},{"@type":"ListItem","position":2,"name":"Datos estad\u00edsticos"}]},{"@type":"WebSite","@id":"https:\/\/sectores.export.com.gt\/acuicultura-y-pesca\/#website","url":"https:\/\/sectores.export.com.gt\/acuicultura-y-pesca\/","name":"Acuicultura y Pesca","description":"Acuicultura y Pesca","potentialAction":[{"@type":"SearchAction","target":{"@type":"EntryPoint","urlTemplate":"https:\/\/sectores.export.com.gt\/acuicultura-y-pesca\/?s={search_term_string}"},"query-input":{"@type":"PropertyValueSpecification","valueRequired":true,"valueName":"search_term_string"}}],"inLanguage":"es"}]}},"_links":{"self":[{"href":"https:\/\/sectores.export.com.gt\/acuicultura-y-pesca\/wp-json\/wp\/v2\/pages\/166","targetHints":{"allow":["GET"]}}],"collection":[{"href":"https:\/\/sectores.export.com.gt\/acuicultura-y-pesca\/wp-json\/wp\/v2\/pages"}],"about":[{"href":"https:\/\/sectores.export.com.gt\/acuicultura-y-pesca\/wp-json\/wp\/v2\/types\/page"}],"author":[{"embeddable":true,"href":"https:\/\/sectores.export.com.gt\/acuicultura-y-pesca\/wp-json\/wp\/v2\/users\/1"}],"replies":[{"embeddable":true,"href":"https:\/\/sectores.export.com.gt\/acuicultura-y-pesca\/wp-json\/wp\/v2\/comments?post=166"}],"version-history":[{"count":6,"href":"https:\/\/sectores.export.com.gt\/acuicultura-y-pesca\/wp-json\/wp\/v2\/pages\/166\/revisions"}],"predecessor-version":[{"id":470,"href":"https:\/\/sectores.export.com.gt\/acuicultura-y-pesca\/wp-json\/wp\/v2\/pages\/166\/revisions\/470"}],"wp:attachment":[{"href":"https:\/\/sectores.export.com.gt\/acuicultura-y-pesca\/wp-json\/wp\/v2\/media?parent=166"}],"curies":[{"name":"wp","href":"https:\/\/api.w.org\/{rel}","templated":true}]}}